{"id":592,"date":"2014-03-18T09:49:29","date_gmt":"2014-03-18T09:49:29","guid":{"rendered":"http:\/\/the7.dream-demo.com\/business\/?page_id=2"},"modified":"2017-01-08T17:02:14","modified_gmt":"2017-01-08T16:02:14","slug":"startseite","status":"publish","type":"page","link":"https:\/\/www.krautz.de\/jagd\/","title":{"rendered":"Startseite"},"content":{"rendered":"<div class=\"wpb-content-wrapper\"><p>[vc_row margin_top=&#8220;0&#8243; margin_bottom=&#8220;0&#8243; full_width=&#8220;&#8220; padding_left=&#8220;0&#8243; padding_right=&#8220;0&#8243; animation=&#8220;&#8220; type=&#8220;&#8220; bg_color=&#8220;&#8220; bg_position=&#8220;top&#8220; bg_repeat=&#8220;no-repeat&#8220; bg_cover=&#8220;false&#8220; bg_attachment=&#8220;false&#8220; padding_top=&#8220;0&#8243; padding_bottom=&#8220;0&#8243; enable_parallax=&#8220;&#8220; parallax_speed=&#8220;0.1&#8243; bg_video_src_mp4=&#8220;&#8220; bg_video_src_ogv=&#8220;&#8220; bg_video_src_webm=&#8220;&#8220; bg_type=&#8220;&#8220; parallax_style=&#8220;&#8220; bg_image_new=&#8220;&#8220; layer_image=&#8220;&#8220; bg_image_repeat=&#8220;&#8220; bg_image_size=&#8220;&#8220; bg_cstm_size=&#8220;&#8220; bg_img_attach=&#8220;&#8220; parallax_sense=&#8220;&#8220; bg_image_posiiton=&#8220;&#8220; animation_direction=&#8220;&#8220; animation_repeat=&#8220;&#8220; video_url=&#8220;&#8220; video_url_2=&#8220;&#8220; u_video_url=&#8220;&#8220; video_opts=&#8220;&#8220; video_poster=&#8220;&#8220; u_start_time=&#8220;&#8220; u_stop_time=&#8220;&#8220; viewport_vdo=&#8220;&#8220; enable_controls=&#8220;&#8220; bg_override=&#8220;&#8220; disable_on_mobile_img_parallax=&#8220;&#8220; parallax_content=&#8220;&#8220; parallax_content_sense=&#8220;&#8220; fadeout_row=&#8220;&#8220; fadeout_start_effect=&#8220;&#8220; enable_overlay=&#8220;&#8220; overlay_color=&#8220;&#8220; overlay_pattern=&#8220;&#8220; overlay_pattern_opacity=&#8220;&#8220; overlay_pattern_size=&#8220;&#8220; overlay_pattern_attachment=&#8220;&#8220; multi_color_overlay=&#8220;&#8220; multi_color_overlay_opacity=&#8220;&#8220; seperator_enable=&#8220;&#8220; seperator_type=&#8220;&#8220; seperator_position=&#8220;&#8220; seperator_shape_size=&#8220;&#8220; seperator_svg_height=&#8220;&#8220; seperator_shape_background=&#8220;&#8220; seperator_shape_border=&#8220;&#8220; seperator_shape_border_color=&#8220;&#8220; seperator_shape_border_width=&#8220;&#8220; icon_type=&#8220;&#8220; icon=&#8220;&#8220; icon_size=&#8220;&#8220; icon_color=&#8220;&#8220; icon_style=&#8220;&#8220; icon_color_bg=&#8220;&#8220; icon_border_style=&#8220;&#8220; icon_color_border=&#8220;&#8220; icon_border_size=&#8220;&#8220; icon_border_radius=&#8220;&#8220; icon_border_spacing=&#8220;&#8220; icon_img=&#8220;&#8220; img_width=&#8220;&#8220; ult_hide_row=&#8220;&#8220; ult_hide_row_large_screen=&#8220;&#8220; ult_hide_row_desktop=&#8220;&#8220; ult_hide_row_tablet=&#8220;&#8220; ult_hide_row_tablet_small=&#8220;&#8220; ult_hide_row_mobile=&#8220;&#8220; ult_hide_row_mobile_large=&#8220;&#8220;][vc_column width=&#8220;1\/1&#8243; animation=&#8220;&#8220;]<div id=\"ultimate-heading-357469fb7a9ac5fbd\" class=\"uvc-heading ult-adjust-bottom-margin ultimate-heading-357469fb7a9ac5fbd uvc-2185  uvc-heading-default-font-sizes\" data-hspacer=\"no_spacer\"  data-halign=\"center\" style=\"text-align:center\"><div class=\"uvc-heading-spacer no_spacer\" style=\"top\"><\/div><div class=\"uvc-main-heading ult-responsive\"  data-ultimate-target='.uvc-heading.ultimate-heading-357469fb7a9ac5fbd h2'  data-responsive-json-new='{\"font-size\":\"\",\"line-height\":\"\"}' ><h2 style=\"--font-weight:theme;\">Die Jagd<\/h2><\/div><div class=\"uvc-sub-heading ult-responsive\"  data-ultimate-target='.uvc-heading.ultimate-heading-357469fb7a9ac5fbd .uvc-sub-heading '  data-responsive-json-new='{\"font-size\":\"\",\"line-height\":\"\"}'  style=\"font-weight:normal;\"><\/p>\n<p><em>von Jens Krautz<\/em><\/p>\n<p><\/div><\/div>[vc_empty_space height=&#8220;30px&#8220;][vc_column_text css_animation=&#8220;bounceIn&#8220;]<\/p>\n<p style=\"text-align: justify;\">Die Jagd ist in der heutigen Zeit dem \u00fcberwiegenden Teil der Bev\u00f6lkerung fremd geworden. Woran liegt das? Waren doch unsere Vorfahren alle J\u00e4ger und Sammler! Dient nicht die Jagd auch heute noch der Nahrungsbeschaffung?<\/p>\n<p style=\"text-align: justify;\">Wenn in der Presse \u00fcber die Jagd berichtet wird, dann \u00fcberwiegend negativ. Positive Meldungen werden nicht gewollt. Hier einige Beispiele negativer Schlagzeilen: J\u00e4ger erschoss seine Ehefrau &#8211; Bei der Treibjagd Treiber t\u00f6dlich verletzt &#8211; J\u00e4ger erschoss freilaufenden Pudel der Witwe &#8230; &#8211; usw.<\/p>\n<p style=\"text-align: justify;\">Meldungen wie: J\u00e4ger hat Brut- und Nistk\u00e4sten im Revier angebracht &#8211; J\u00e4ger hat Wildschaden bei nachwachsenden Rohstoffen verhindert &#8211; J\u00e4ger hat durch Wild\u00e4cker \u00c4sungsfl\u00e4chen f\u00fcr Wild im Winter geschaffen, J\u00e4ger hat Unfallwild geborgen, J\u00e4ger hat bei der Wiesenmahd Kitze gerettet, usw. werden von den Medien nicht gebracht und sind unpopul\u00e4r.<\/p>\n<p style=\"text-align: justify;\">Zum Teil liegt diese Art der Berichterstattung an der J\u00e4gerschaft selbst. In deren Fachzeitschriften wird mehr dar\u00fcber berichtet, welches Wild gestreckt wurde und welche Troph\u00e4en erbeutet wurden. Weniger wird dar\u00fcber berichtet, welches Wild der J\u00e4ger nicht erlegt hat. Durch diese Berichterstattung wird die Jagd auf die Troph\u00e4enjagd reduziert &#8211; ein reines Freizeitvergn\u00fcgen zum T\u00f6ten.<\/p>\n<p style=\"text-align: justify;\">Eine Ursache f\u00fcr die Entfremdung weiter Teile der Bev\u00f6lkerung von der Jagd ist die Urbanisierung. Heute lebt nur noch ein kleiner Teil der Bev\u00f6lkerung im l\u00e4ndlichen Bereich im engen Kontakt mit der J\u00e4gerschaft. Stadtkinder wissen oft nicht, dass die Wurst die sie essen von Tieren stammt, die zum Verzehr get\u00f6tet werden.<\/p>\n<p style=\"text-align: justify;\">Das Erlegen von Wild ist wohl der geringste Teil des Waidwerks. H\u00f6chste Priorit\u00e4t hat die Hege mit dem Ziel, der Erhaltung eines den landeskulturellen und landschaftlich angepassten, artenreichen und\u00a0gesunden\u00a0Wildbestandes sowie die Sicherung seiner Lebensgrundlagen.<\/p>\n<p style=\"text-align: justify;\">Deutschland hat in Europa den h\u00f6chsten Wildbestand. Das liegt am Jagdgesetz und dem darin geregeltem Reviersystem. Es darf nur das Wild erlegt werden, dass nachw\u00e4chst. So wird gesichert, dass der Bestand erhalten wird. Das Reviersystem und Pachtvertr\u00e4ge mit langen Mindestlaufzeiten garantieren jedem Jagdp\u00e4chter, dass er den Wildbestand bewirtschaften kann. Er hat es in der Hand, wie sich der Wildbestand in seinem Revier entwickelt.<\/p>\n<p style=\"text-align: justify;\">Wir brauchen unser j\u00e4gerisches Handeln nicht zu rechtfertigen, denn \u00fcber Jahrhunderte, Jahrtausende ist es gewachsen, ist unabdingbares Kulturgut, beherbergt Tradition, Identit\u00e4t und hat in unserer Zeit den Schwerpunkt der Art- und Naturerhaltung erreicht.<\/p>\n<p>[\/vc_column_text][\/vc_column][\/vc_row]<\/p>\n<\/div>","protected":false},"excerpt":{"rendered":"<p>[vc_row margin_top=&#8220;0&#8243; margin_bottom=&#8220;0&#8243; full_width=&#8220;&#8220; padding_left=&#8220;0&#8243; padding_right=&#8220;0&#8243; animation=&#8220;&#8220; type=&#8220;&#8220; bg_color=&#8220;&#8220; bg_position=&#8220;top&#8220; bg_repeat=&#8220;no-repeat&#8220; bg_cover=&#8220;false&#8220; bg_attachment=&#8220;false&#8220; padding_top=&#8220;0&#8243; padding_bottom=&#8220;0&#8243; enable_parallax=&#8220;&#8220; parallax_speed=&#8220;0.1&#8243; bg_video_src_mp4=&#8220;&#8220; bg_video_src_ogv=&#8220;&#8220; bg_video_src_webm=&#8220;&#8220; bg_type=&#8220;&#8220; parallax_style=&#8220;&#8220; bg_image_new=&#8220;&#8220; layer_image=&#8220;&#8220; bg_image_repeat=&#8220;&#8220; bg_image_size=&#8220;&#8220; bg_cstm_size=&#8220;&#8220; bg_img_attach=&#8220;&#8220; parallax_sense=&#8220;&#8220; bg_image_posiiton=&#8220;&#8220; animation_direction=&#8220;&#8220; animation_repeat=&#8220;&#8220; video_url=&#8220;&#8220; video_url_2=&#8220;&#8220; u_video_url=&#8220;&#8220; video_opts=&#8220;&#8220; video_poster=&#8220;&#8220; u_start_time=&#8220;&#8220; u_stop_time=&#8220;&#8220; viewport_vdo=&#8220;&#8220; enable_controls=&#8220;&#8220; bg_override=&#8220;&#8220; disable_on_mobile_img_parallax=&#8220;&#8220; parallax_content=&#8220;&#8220; parallax_content_sense=&#8220;&#8220; fadeout_row=&#8220;&#8220; fadeout_start_effect=&#8220;&#8220; enable_overlay=&#8220;&#8220; overlay_color=&#8220;&#8220; overlay_pattern=&#8220;&#8220; overlay_pattern_opacity=&#8220;&#8220; overlay_pattern_size=&#8220;&#8220; overlay_pattern_attachment=&#8220;&#8220; multi_color_overlay=&#8220;&#8220; multi_color_overlay_opacity=&#8220;&#8220;&hellip;<\/p>\n","protected":false},"author":3,"featured_media":0,"parent":0,"menu_order":0,"comment_status":"closed","ping_status":"closed","template":"","meta":{"footnotes":""},"class_list":["post-592","page","type-page","status-publish","hentry","description-off"],"yoast_head":"<!-- This site is optimized with the Yoast SEO plugin v26.8 - https:\/\/yoast.com\/product\/yoast-seo-wordpress\/ -->\n<title>Startseite - Die Jagd - Jens Krautz<\/title>\n<meta name=\"robots\" content=\"index, follow, max-snippet:-1, max-image-preview:large, max-video-preview:-1\" \/>\n<link rel=\"canonical\" href=\"https:\/\/www.krautz.de\/jagd\/\" \/>\n<meta property=\"og:locale\" content=\"de_DE\" \/>\n<meta property=\"og:type\" content=\"article\" \/>\n<meta property=\"og:title\" content=\"Startseite - Die Jagd - Jens Krautz\" \/>\n<meta property=\"og:description\" content=\"[vc_row margin_top=&#8220;0&#8243; margin_bottom=&#8220;0&#8243; full_width=&#8220;&#8220; padding_left=&#8220;0&#8243; padding_right=&#8220;0&#8243; animation=&#8220;&#8220; type=&#8220;&#8220; bg_color=&#8220;&#8220; bg_position=&#8220;top&#8220; bg_repeat=&#8220;no-repeat&#8220; bg_cover=&#8220;false&#8220; bg_attachment=&#8220;false&#8220; padding_top=&#8220;0&#8243; padding_bottom=&#8220;0&#8243; enable_parallax=&#8220;&#8220; parallax_speed=&#8220;0.1&#8243; bg_video_src_mp4=&#8220;&#8220; bg_video_src_ogv=&#8220;&#8220; bg_video_src_webm=&#8220;&#8220; bg_type=&#8220;&#8220; parallax_style=&#8220;&#8220; bg_image_new=&#8220;&#8220; layer_image=&#8220;&#8220; bg_image_repeat=&#8220;&#8220; bg_image_size=&#8220;&#8220; bg_cstm_size=&#8220;&#8220; bg_img_attach=&#8220;&#8220; parallax_sense=&#8220;&#8220; bg_image_posiiton=&#8220;&#8220; animation_direction=&#8220;&#8220; animation_repeat=&#8220;&#8220; video_url=&#8220;&#8220; video_url_2=&#8220;&#8220; u_video_url=&#8220;&#8220; video_opts=&#8220;&#8220; video_poster=&#8220;&#8220; u_start_time=&#8220;&#8220; u_stop_time=&#8220;&#8220; viewport_vdo=&#8220;&#8220; enable_controls=&#8220;&#8220; bg_override=&#8220;&#8220; disable_on_mobile_img_parallax=&#8220;&#8220; parallax_content=&#8220;&#8220; parallax_content_sense=&#8220;&#8220; fadeout_row=&#8220;&#8220; fadeout_start_effect=&#8220;&#8220; enable_overlay=&#8220;&#8220; overlay_color=&#8220;&#8220; overlay_pattern=&#8220;&#8220; overlay_pattern_opacity=&#8220;&#8220; overlay_pattern_size=&#8220;&#8220; overlay_pattern_attachment=&#8220;&#8220; multi_color_overlay=&#8220;&#8220; multi_color_overlay_opacity=&#8220;&#8220;&hellip;\" \/>\n<meta property=\"og:url\" content=\"https:\/\/www.krautz.de\/jagd\/\" \/>\n<meta property=\"og:site_name\" content=\"Die Jagd - Jens Krautz\" \/>\n<meta property=\"article:modified_time\" content=\"2017-01-08T16:02:14+00:00\" \/>\n<meta name=\"twitter:card\" content=\"summary_large_image\" \/>\n<meta name=\"twitter:label1\" content=\"Gesch\u00e4tzte Lesezeit\" \/>\n\t<meta name=\"twitter:data1\" content=\"4\u00a0Minuten\" \/>\n<script type=\"application\/ld+json\" class=\"yoast-schema-graph\">{\"@context\":\"https:\/\/schema.org\",\"@graph\":[{\"@type\":\"WebPage\",\"@id\":\"https:\/\/www.krautz.de\/jagd\/\",\"url\":\"https:\/\/www.krautz.de\/jagd\/\",\"name\":\"Startseite - Die Jagd - Jens Krautz\",\"isPartOf\":{\"@id\":\"https:\/\/www.krautz.de\/jagd\/#website\"},\"datePublished\":\"2014-03-18T09:49:29+00:00\",\"dateModified\":\"2017-01-08T16:02:14+00:00\",\"breadcrumb\":{\"@id\":\"https:\/\/www.krautz.de\/jagd\/#breadcrumb\"},\"inLanguage\":\"de\",\"potentialAction\":[{\"@type\":\"ReadAction\",\"target\":[\"https:\/\/www.krautz.de\/jagd\/\"]}]},{\"@type\":\"BreadcrumbList\",\"@id\":\"https:\/\/www.krautz.de\/jagd\/#breadcrumb\",\"itemListElement\":[{\"@type\":\"ListItem\",\"position\":1,\"name\":\"Home\",\"item\":\"https:\/\/www.krautz.de\/jagd\/\"},{\"@type\":\"ListItem\",\"position\":2,\"name\":\"Startseite\"}]},{\"@type\":\"WebSite\",\"@id\":\"https:\/\/www.krautz.de\/jagd\/#website\",\"url\":\"https:\/\/www.krautz.de\/jagd\/\",\"name\":\"Die Jagd - Jens Krautz\",\"description\":\"\",\"potentialAction\":[{\"@type\":\"SearchAction\",\"target\":{\"@type\":\"EntryPoint\",\"urlTemplate\":\"https:\/\/www.krautz.de\/jagd\/?s={search_term_string}\"},\"query-input\":{\"@type\":\"PropertyValueSpecification\",\"valueRequired\":true,\"valueName\":\"search_term_string\"}}],\"inLanguage\":\"de\"}]}<\/script>\n<!-- \/ Yoast SEO plugin. -->","yoast_head_json":{"title":"Startseite - Die Jagd - Jens Krautz","robots":{"index":"index","follow":"follow","max-snippet":"max-snippet:-1","max-image-preview":"max-image-preview:large","max-video-preview":"max-video-preview:-1"},"canonical":"https:\/\/www.krautz.de\/jagd\/","og_locale":"de_DE","og_type":"article","og_title":"Startseite - Die Jagd - Jens Krautz","og_description":"[vc_row margin_top=&#8220;0&#8243; margin_bottom=&#8220;0&#8243; full_width=&#8220;&#8220; padding_left=&#8220;0&#8243; padding_right=&#8220;0&#8243; animation=&#8220;&#8220; type=&#8220;&#8220; bg_color=&#8220;&#8220; bg_position=&#8220;top&#8220; bg_repeat=&#8220;no-repeat&#8220; bg_cover=&#8220;false&#8220; bg_attachment=&#8220;false&#8220; padding_top=&#8220;0&#8243; padding_bottom=&#8220;0&#8243; enable_parallax=&#8220;&#8220; parallax_speed=&#8220;0.1&#8243; bg_video_src_mp4=&#8220;&#8220; bg_video_src_ogv=&#8220;&#8220; bg_video_src_webm=&#8220;&#8220; bg_type=&#8220;&#8220; parallax_style=&#8220;&#8220; bg_image_new=&#8220;&#8220; layer_image=&#8220;&#8220; bg_image_repeat=&#8220;&#8220; bg_image_size=&#8220;&#8220; bg_cstm_size=&#8220;&#8220; bg_img_attach=&#8220;&#8220; parallax_sense=&#8220;&#8220; bg_image_posiiton=&#8220;&#8220; animation_direction=&#8220;&#8220; animation_repeat=&#8220;&#8220; video_url=&#8220;&#8220; video_url_2=&#8220;&#8220; u_video_url=&#8220;&#8220; video_opts=&#8220;&#8220; video_poster=&#8220;&#8220; u_start_time=&#8220;&#8220; u_stop_time=&#8220;&#8220; viewport_vdo=&#8220;&#8220; enable_controls=&#8220;&#8220; bg_override=&#8220;&#8220; disable_on_mobile_img_parallax=&#8220;&#8220; parallax_content=&#8220;&#8220; parallax_content_sense=&#8220;&#8220; fadeout_row=&#8220;&#8220; fadeout_start_effect=&#8220;&#8220; enable_overlay=&#8220;&#8220; overlay_color=&#8220;&#8220; overlay_pattern=&#8220;&#8220; overlay_pattern_opacity=&#8220;&#8220; overlay_pattern_size=&#8220;&#8220; overlay_pattern_attachment=&#8220;&#8220; multi_color_overlay=&#8220;&#8220; multi_color_overlay_opacity=&#8220;&#8220;&hellip;","og_url":"https:\/\/www.krautz.de\/jagd\/","og_site_name":"Die Jagd - Jens Krautz","article_modified_time":"2017-01-08T16:02:14+00:00","twitter_card":"summary_large_image","twitter_misc":{"Gesch\u00e4tzte Lesezeit":"4\u00a0Minuten"},"schema":{"@context":"https:\/\/schema.org","@graph":[{"@type":"WebPage","@id":"https:\/\/www.krautz.de\/jagd\/","url":"https:\/\/www.krautz.de\/jagd\/","name":"Startseite - Die Jagd - Jens Krautz","isPartOf":{"@id":"https:\/\/www.krautz.de\/jagd\/#website"},"datePublished":"2014-03-18T09:49:29+00:00","dateModified":"2017-01-08T16:02:14+00:00","breadcrumb":{"@id":"https:\/\/www.krautz.de\/jagd\/#breadcrumb"},"inLanguage":"de","potentialAction":[{"@type":"ReadAction","target":["https:\/\/www.krautz.de\/jagd\/"]}]},{"@type":"BreadcrumbList","@id":"https:\/\/www.krautz.de\/jagd\/#breadcrumb","itemListElement":[{"@type":"ListItem","position":1,"name":"Home","item":"https:\/\/www.krautz.de\/jagd\/"},{"@type":"ListItem","position":2,"name":"Startseite"}]},{"@type":"WebSite","@id":"https:\/\/www.krautz.de\/jagd\/#website","url":"https:\/\/www.krautz.de\/jagd\/","name":"Die Jagd - Jens Krautz","description":"","potentialAction":[{"@type":"SearchAction","target":{"@type":"EntryPoint","urlTemplate":"https:\/\/www.krautz.de\/jagd\/?s={search_term_string}"},"query-input":{"@type":"PropertyValueSpecification","valueRequired":true,"valueName":"search_term_string"}}],"inLanguage":"de"}]}},"_links":{"self":[{"href":"https:\/\/www.krautz.de\/jagd\/wp-json\/wp\/v2\/pages\/592","targetHints":{"allow":["GET"]}}],"collection":[{"href":"https:\/\/www.krautz.de\/jagd\/wp-json\/wp\/v2\/pages"}],"about":[{"href":"https:\/\/www.krautz.de\/jagd\/wp-json\/wp\/v2\/types\/page"}],"author":[{"embeddable":true,"href":"https:\/\/www.krautz.de\/jagd\/wp-json\/wp\/v2\/users\/3"}],"replies":[{"embeddable":true,"href":"https:\/\/www.krautz.de\/jagd\/wp-json\/wp\/v2\/comments?post=592"}],"version-history":[{"count":7,"href":"https:\/\/www.krautz.de\/jagd\/wp-json\/wp\/v2\/pages\/592\/revisions"}],"predecessor-version":[{"id":1804,"href":"https:\/\/www.krautz.de\/jagd\/wp-json\/wp\/v2\/pages\/592\/revisions\/1804"}],"wp:attachment":[{"href":"https:\/\/www.krautz.de\/jagd\/wp-json\/wp\/v2\/media?parent=592"}],"curies":[{"name":"wp","href":"https:\/\/api.w.org\/{rel}","templated":true}]}}