{"id":1817,"date":"2016-10-27T20:55:58","date_gmt":"2016-10-27T18:55:58","guid":{"rendered":"https:\/\/www.krautz.de\/jagd\/?page_id=1817"},"modified":"2017-01-08T17:01:50","modified_gmt":"2017-01-08T16:01:50","slug":"schinken","status":"publish","type":"page","link":"https:\/\/www.krautz.de\/jagd\/schinken\/","title":{"rendered":"Schinken"},"content":{"rendered":"<p>Wie schon bei den Grundlagen beschrieben, friere ich das Fleisch in ca. 3 kg Pakete ein. Wenn ich Schinken machen will, taue ich 2 dieser Pakete auf. Dann schneide ich aus den Keulen sch\u00f6ne St\u00fccken heraus. Ich achte darauf, dann alle Sehnen und alle H\u00e4ute entfernt sind. Im Normalfall bekomme ich aus den 6 kg Ausgangsmaterial 2 kg feinstes Fleisch raus. Die anderen 4 kg zerschnippeltes Fleisch verarbeite ich dann zu Wurst weiter.<\/p>\n<p>Ich wiege dann die Gew\u00fcrze ab und Vakuumiere dann das Fleisch mit den Gew\u00fcrzen.<\/p>\n<p>Das Fleisch lasse ich dann im Vakuumbeutel 2 bis 3 Wochen im K\u00fchlschrank p\u00f6keln. Manchmal lege ich es noch eine Woche in Rotwein ein.<\/p>\n<p>Das Fleisch dann kurz unter Wasser absp\u00fclen und die Schnur zum Aufh\u00e4ngen befestigen. Dann lasse ich das Fleisch einige Tage durchbrennen und trockenen. Die Salzkonzentration soll sich im Fleisch ausgleichen.<\/p>\n<p>Ger\u00e4uchert wird kalt. Bei der Fleischerinnung hat man uns im Lehrgang gezeigt, wie man Schinken im Umzugskarton r\u00e4uchern kann.<\/p>\n","protected":false},"excerpt":{"rendered":"<p>Wie schon bei den Grundlagen beschrieben, friere ich das Fleisch in ca. 3 kg Pakete ein. Wenn ich Schinken machen will, taue ich 2 dieser Pakete auf. Dann schneide ich aus den Keulen sch\u00f6ne St\u00fccken heraus. Ich achte darauf, dann alle Sehnen und alle H\u00e4ute entfernt sind. Im Normalfall bekomme ich aus den 6 kg&hellip;<\/p>\n","protected":false},"author":3,"featured_media":0,"parent":0,"menu_order":0,"comment_status":"closed","ping_status":"closed","template":"","meta":{"footnotes":""},"class_list":["post-1817","page","type-page","status-publish","hentry","description-off"],"yoast_head":"<!-- This site is optimized with the Yoast SEO plugin v26.8 - https:\/\/yoast.com\/product\/yoast-seo-wordpress\/ -->\n<title>Schinken - Die Jagd - Jens Krautz<\/title>\n<meta name=\"robots\" content=\"index, follow, max-snippet:-1, max-image-preview:large, max-video-preview:-1\" \/>\n<link rel=\"canonical\" href=\"https:\/\/www.krautz.de\/jagd\/schinken\/\" \/>\n<meta property=\"og:locale\" content=\"de_DE\" \/>\n<meta property=\"og:type\" content=\"article\" \/>\n<meta property=\"og:title\" content=\"Schinken - Die Jagd - Jens Krautz\" \/>\n<meta property=\"og:description\" content=\"Wie schon bei den Grundlagen beschrieben, friere ich das Fleisch in ca. 3 kg Pakete ein. Wenn ich Schinken machen will, taue ich 2 dieser Pakete auf. Dann schneide ich aus den Keulen sch\u00f6ne St\u00fccken heraus. Ich achte darauf, dann alle Sehnen und alle H\u00e4ute entfernt sind. Im Normalfall bekomme ich aus den 6 kg&hellip;\" \/>\n<meta property=\"og:url\" content=\"https:\/\/www.krautz.de\/jagd\/schinken\/\" \/>\n<meta property=\"og:site_name\" content=\"Die Jagd - Jens Krautz\" \/>\n<meta property=\"article:modified_time\" content=\"2017-01-08T16:01:50+00:00\" \/>\n<meta name=\"twitter:card\" content=\"summary_large_image\" \/>\n<meta name=\"twitter:label1\" content=\"Gesch\u00e4tzte Lesezeit\" \/>\n\t<meta name=\"twitter:data1\" content=\"1\u00a0Minute\" \/>\n<script type=\"application\/ld+json\" class=\"yoast-schema-graph\">{\"@context\":\"https:\/\/schema.org\",\"@graph\":[{\"@type\":\"WebPage\",\"@id\":\"https:\/\/www.krautz.de\/jagd\/schinken\/\",\"url\":\"https:\/\/www.krautz.de\/jagd\/schinken\/\",\"name\":\"Schinken - Die Jagd - Jens Krautz\",\"isPartOf\":{\"@id\":\"https:\/\/www.krautz.de\/jagd\/#website\"},\"datePublished\":\"2016-10-27T18:55:58+00:00\",\"dateModified\":\"2017-01-08T16:01:50+00:00\",\"breadcrumb\":{\"@id\":\"https:\/\/www.krautz.de\/jagd\/schinken\/#breadcrumb\"},\"inLanguage\":\"de\",\"potentialAction\":[{\"@type\":\"ReadAction\",\"target\":[\"https:\/\/www.krautz.de\/jagd\/schinken\/\"]}]},{\"@type\":\"BreadcrumbList\",\"@id\":\"https:\/\/www.krautz.de\/jagd\/schinken\/#breadcrumb\",\"itemListElement\":[{\"@type\":\"ListItem\",\"position\":1,\"name\":\"Home\",\"item\":\"https:\/\/www.krautz.de\/jagd\/\"},{\"@type\":\"ListItem\",\"position\":2,\"name\":\"Schinken\"}]},{\"@type\":\"WebSite\",\"@id\":\"https:\/\/www.krautz.de\/jagd\/#website\",\"url\":\"https:\/\/www.krautz.de\/jagd\/\",\"name\":\"Die Jagd - Jens Krautz\",\"description\":\"\",\"potentialAction\":[{\"@type\":\"SearchAction\",\"target\":{\"@type\":\"EntryPoint\",\"urlTemplate\":\"https:\/\/www.krautz.de\/jagd\/?s={search_term_string}\"},\"query-input\":{\"@type\":\"PropertyValueSpecification\",\"valueRequired\":true,\"valueName\":\"search_term_string\"}}],\"inLanguage\":\"de\"}]}<\/script>\n<!-- \/ Yoast SEO plugin. -->","yoast_head_json":{"title":"Schinken - Die Jagd - Jens Krautz","robots":{"index":"index","follow":"follow","max-snippet":"max-snippet:-1","max-image-preview":"max-image-preview:large","max-video-preview":"max-video-preview:-1"},"canonical":"https:\/\/www.krautz.de\/jagd\/schinken\/","og_locale":"de_DE","og_type":"article","og_title":"Schinken - Die Jagd - Jens Krautz","og_description":"Wie schon bei den Grundlagen beschrieben, friere ich das Fleisch in ca. 3 kg Pakete ein. Wenn ich Schinken machen will, taue ich 2 dieser Pakete auf. Dann schneide ich aus den Keulen sch\u00f6ne St\u00fccken heraus. Ich achte darauf, dann alle Sehnen und alle H\u00e4ute entfernt sind. Im Normalfall bekomme ich aus den 6 kg&hellip;","og_url":"https:\/\/www.krautz.de\/jagd\/schinken\/","og_site_name":"Die Jagd - Jens Krautz","article_modified_time":"2017-01-08T16:01:50+00:00","twitter_card":"summary_large_image","twitter_misc":{"Gesch\u00e4tzte Lesezeit":"1\u00a0Minute"},"schema":{"@context":"https:\/\/schema.org","@graph":[{"@type":"WebPage","@id":"https:\/\/www.krautz.de\/jagd\/schinken\/","url":"https:\/\/www.krautz.de\/jagd\/schinken\/","name":"Schinken - Die Jagd - Jens Krautz","isPartOf":{"@id":"https:\/\/www.krautz.de\/jagd\/#website"},"datePublished":"2016-10-27T18:55:58+00:00","dateModified":"2017-01-08T16:01:50+00:00","breadcrumb":{"@id":"https:\/\/www.krautz.de\/jagd\/schinken\/#breadcrumb"},"inLanguage":"de","potentialAction":[{"@type":"ReadAction","target":["https:\/\/www.krautz.de\/jagd\/schinken\/"]}]},{"@type":"BreadcrumbList","@id":"https:\/\/www.krautz.de\/jagd\/schinken\/#breadcrumb","itemListElement":[{"@type":"ListItem","position":1,"name":"Home","item":"https:\/\/www.krautz.de\/jagd\/"},{"@type":"ListItem","position":2,"name":"Schinken"}]},{"@type":"WebSite","@id":"https:\/\/www.krautz.de\/jagd\/#website","url":"https:\/\/www.krautz.de\/jagd\/","name":"Die Jagd - Jens Krautz","description":"","potentialAction":[{"@type":"SearchAction","target":{"@type":"EntryPoint","urlTemplate":"https:\/\/www.krautz.de\/jagd\/?s={search_term_string}"},"query-input":{"@type":"PropertyValueSpecification","valueRequired":true,"valueName":"search_term_string"}}],"inLanguage":"de"}]}},"_links":{"self":[{"href":"https:\/\/www.krautz.de\/jagd\/wp-json\/wp\/v2\/pages\/1817","targetHints":{"allow":["GET"]}}],"collection":[{"href":"https:\/\/www.krautz.de\/jagd\/wp-json\/wp\/v2\/pages"}],"about":[{"href":"https:\/\/www.krautz.de\/jagd\/wp-json\/wp\/v2\/types\/page"}],"author":[{"embeddable":true,"href":"https:\/\/www.krautz.de\/jagd\/wp-json\/wp\/v2\/users\/3"}],"replies":[{"embeddable":true,"href":"https:\/\/www.krautz.de\/jagd\/wp-json\/wp\/v2\/comments?post=1817"}],"version-history":[{"count":3,"href":"https:\/\/www.krautz.de\/jagd\/wp-json\/wp\/v2\/pages\/1817\/revisions"}],"predecessor-version":[{"id":1832,"href":"https:\/\/www.krautz.de\/jagd\/wp-json\/wp\/v2\/pages\/1817\/revisions\/1832"}],"wp:attachment":[{"href":"https:\/\/www.krautz.de\/jagd\/wp-json\/wp\/v2\/media?parent=1817"}],"curies":[{"name":"wp","href":"https:\/\/api.w.org\/{rel}","templated":true}]}}