{"id":1815,"date":"2016-10-27T20:55:18","date_gmt":"2016-10-27T18:55:18","guid":{"rendered":"https:\/\/www.krautz.de\/jagd\/?page_id=1815"},"modified":"2017-01-08T17:01:49","modified_gmt":"2017-01-08T16:01:49","slug":"rohwurst","status":"publish","type":"page","link":"https:\/\/www.krautz.de\/jagd\/rohwurst\/","title":{"rendered":"Rohwurst"},"content":{"rendered":"<p>F\u00fcr die Herstellung von Rohwurst nehme ich nur mageres Wildfleisch. Es ist egal, ob Rehwild, Schwarzwild oder Rotwild\u00a0oder die Sorten gemischt. In den Anleitungen liest man, dass man nur bestimmte Fleischteile\u00a0von \u00e4lteren Tieren verwenden soll. Als J\u00e4ger muss man nehmen was man f\u00fcr die Wurst \u00fcbrig hat.\u00a0F\u00fcr Rohwurst kein Fett vom Wildschwein verwenden.\u00a0Dieses Fett bindet nicht.<\/p>\n<p>Ich drehe dann das magere Fleisch durch und wiege es ab. Auf 3 kg mageres Fleisch drehe ich dann 1,5 kg fettes Fleisch vom Hausschwein durch. Da sind die Meinungen unterschiedlich. Manche nehme Backen, R\u00fcckenspeck oder Bauchfleisch. Ich bevorzuge Bauchfleisch. Dann wiege ich die Gew\u00fcrze ab und mische diese unter das magere Fleisch unter. Erst dann gebe ich das fette Fleisch dazu und vermenge die Masse. Die Masse sollte gut vermengt und blasenfrei sein.<\/p>\n<p>Wichtig ist dann eine gute Wurstf\u00fcllmaschine. Bevorzugt sollte man Naturd\u00e4rme nehmen. Kunstd\u00e4rme gehen aber auch.<\/p>\n<p>Die abgef\u00fcllten W\u00fcrste dann 1 &#8211; 2 Tage zum Umr\u00f6ten aufh\u00e4ngen. Dann in mehreren\u00a0Durchg\u00e4ngen\u00a0R\u00e4uchern.<\/p>\n","protected":false},"excerpt":{"rendered":"<p>F\u00fcr die Herstellung von Rohwurst nehme ich nur mageres Wildfleisch. Es ist egal, ob Rehwild, Schwarzwild oder Rotwild\u00a0oder die Sorten gemischt. In den Anleitungen liest man, dass man nur bestimmte Fleischteile\u00a0von \u00e4lteren Tieren verwenden soll. Als J\u00e4ger muss man nehmen was man f\u00fcr die Wurst \u00fcbrig hat.\u00a0F\u00fcr Rohwurst kein Fett vom Wildschwein verwenden.\u00a0Dieses Fett bindet&hellip;<\/p>\n","protected":false},"author":3,"featured_media":0,"parent":0,"menu_order":0,"comment_status":"closed","ping_status":"closed","template":"","meta":{"footnotes":""},"class_list":["post-1815","page","type-page","status-publish","hentry","description-off"],"yoast_head":"<!-- This site is optimized with the Yoast SEO plugin v26.8 - https:\/\/yoast.com\/product\/yoast-seo-wordpress\/ -->\n<title>Rohwurst - Die Jagd - Jens Krautz<\/title>\n<meta name=\"robots\" content=\"index, follow, max-snippet:-1, max-image-preview:large, max-video-preview:-1\" \/>\n<link rel=\"canonical\" href=\"https:\/\/www.krautz.de\/jagd\/rohwurst\/\" \/>\n<meta property=\"og:locale\" content=\"de_DE\" \/>\n<meta property=\"og:type\" content=\"article\" \/>\n<meta property=\"og:title\" content=\"Rohwurst - Die Jagd - Jens Krautz\" \/>\n<meta property=\"og:description\" content=\"F\u00fcr die Herstellung von Rohwurst nehme ich nur mageres Wildfleisch. Es ist egal, ob Rehwild, Schwarzwild oder Rotwild\u00a0oder die Sorten gemischt. In den Anleitungen liest man, dass man nur bestimmte Fleischteile\u00a0von \u00e4lteren Tieren verwenden soll. Als J\u00e4ger muss man nehmen was man f\u00fcr die Wurst \u00fcbrig hat.\u00a0F\u00fcr Rohwurst kein Fett vom Wildschwein verwenden.\u00a0Dieses Fett bindet&hellip;\" \/>\n<meta property=\"og:url\" content=\"https:\/\/www.krautz.de\/jagd\/rohwurst\/\" \/>\n<meta property=\"og:site_name\" content=\"Die Jagd - Jens Krautz\" \/>\n<meta property=\"article:modified_time\" content=\"2017-01-08T16:01:49+00:00\" \/>\n<meta name=\"twitter:card\" content=\"summary_large_image\" \/>\n<meta name=\"twitter:label1\" content=\"Gesch\u00e4tzte Lesezeit\" \/>\n\t<meta name=\"twitter:data1\" content=\"1\u00a0Minute\" \/>\n<script type=\"application\/ld+json\" class=\"yoast-schema-graph\">{\"@context\":\"https:\/\/schema.org\",\"@graph\":[{\"@type\":\"WebPage\",\"@id\":\"https:\/\/www.krautz.de\/jagd\/rohwurst\/\",\"url\":\"https:\/\/www.krautz.de\/jagd\/rohwurst\/\",\"name\":\"Rohwurst - Die Jagd - Jens Krautz\",\"isPartOf\":{\"@id\":\"https:\/\/www.krautz.de\/jagd\/#website\"},\"datePublished\":\"2016-10-27T18:55:18+00:00\",\"dateModified\":\"2017-01-08T16:01:49+00:00\",\"breadcrumb\":{\"@id\":\"https:\/\/www.krautz.de\/jagd\/rohwurst\/#breadcrumb\"},\"inLanguage\":\"de\",\"potentialAction\":[{\"@type\":\"ReadAction\",\"target\":[\"https:\/\/www.krautz.de\/jagd\/rohwurst\/\"]}]},{\"@type\":\"BreadcrumbList\",\"@id\":\"https:\/\/www.krautz.de\/jagd\/rohwurst\/#breadcrumb\",\"itemListElement\":[{\"@type\":\"ListItem\",\"position\":1,\"name\":\"Home\",\"item\":\"https:\/\/www.krautz.de\/jagd\/\"},{\"@type\":\"ListItem\",\"position\":2,\"name\":\"Rohwurst\"}]},{\"@type\":\"WebSite\",\"@id\":\"https:\/\/www.krautz.de\/jagd\/#website\",\"url\":\"https:\/\/www.krautz.de\/jagd\/\",\"name\":\"Die Jagd - Jens Krautz\",\"description\":\"\",\"potentialAction\":[{\"@type\":\"SearchAction\",\"target\":{\"@type\":\"EntryPoint\",\"urlTemplate\":\"https:\/\/www.krautz.de\/jagd\/?s={search_term_string}\"},\"query-input\":{\"@type\":\"PropertyValueSpecification\",\"valueRequired\":true,\"valueName\":\"search_term_string\"}}],\"inLanguage\":\"de\"}]}<\/script>\n<!-- \/ Yoast SEO plugin. -->","yoast_head_json":{"title":"Rohwurst - Die Jagd - Jens Krautz","robots":{"index":"index","follow":"follow","max-snippet":"max-snippet:-1","max-image-preview":"max-image-preview:large","max-video-preview":"max-video-preview:-1"},"canonical":"https:\/\/www.krautz.de\/jagd\/rohwurst\/","og_locale":"de_DE","og_type":"article","og_title":"Rohwurst - Die Jagd - Jens Krautz","og_description":"F\u00fcr die Herstellung von Rohwurst nehme ich nur mageres Wildfleisch. Es ist egal, ob Rehwild, Schwarzwild oder Rotwild\u00a0oder die Sorten gemischt. In den Anleitungen liest man, dass man nur bestimmte Fleischteile\u00a0von \u00e4lteren Tieren verwenden soll. Als J\u00e4ger muss man nehmen was man f\u00fcr die Wurst \u00fcbrig hat.\u00a0F\u00fcr Rohwurst kein Fett vom Wildschwein verwenden.\u00a0Dieses Fett bindet&hellip;","og_url":"https:\/\/www.krautz.de\/jagd\/rohwurst\/","og_site_name":"Die Jagd - Jens Krautz","article_modified_time":"2017-01-08T16:01:49+00:00","twitter_card":"summary_large_image","twitter_misc":{"Gesch\u00e4tzte Lesezeit":"1\u00a0Minute"},"schema":{"@context":"https:\/\/schema.org","@graph":[{"@type":"WebPage","@id":"https:\/\/www.krautz.de\/jagd\/rohwurst\/","url":"https:\/\/www.krautz.de\/jagd\/rohwurst\/","name":"Rohwurst - Die Jagd - Jens Krautz","isPartOf":{"@id":"https:\/\/www.krautz.de\/jagd\/#website"},"datePublished":"2016-10-27T18:55:18+00:00","dateModified":"2017-01-08T16:01:49+00:00","breadcrumb":{"@id":"https:\/\/www.krautz.de\/jagd\/rohwurst\/#breadcrumb"},"inLanguage":"de","potentialAction":[{"@type":"ReadAction","target":["https:\/\/www.krautz.de\/jagd\/rohwurst\/"]}]},{"@type":"BreadcrumbList","@id":"https:\/\/www.krautz.de\/jagd\/rohwurst\/#breadcrumb","itemListElement":[{"@type":"ListItem","position":1,"name":"Home","item":"https:\/\/www.krautz.de\/jagd\/"},{"@type":"ListItem","position":2,"name":"Rohwurst"}]},{"@type":"WebSite","@id":"https:\/\/www.krautz.de\/jagd\/#website","url":"https:\/\/www.krautz.de\/jagd\/","name":"Die Jagd - Jens Krautz","description":"","potentialAction":[{"@type":"SearchAction","target":{"@type":"EntryPoint","urlTemplate":"https:\/\/www.krautz.de\/jagd\/?s={search_term_string}"},"query-input":{"@type":"PropertyValueSpecification","valueRequired":true,"valueName":"search_term_string"}}],"inLanguage":"de"}]}},"_links":{"self":[{"href":"https:\/\/www.krautz.de\/jagd\/wp-json\/wp\/v2\/pages\/1815","targetHints":{"allow":["GET"]}}],"collection":[{"href":"https:\/\/www.krautz.de\/jagd\/wp-json\/wp\/v2\/pages"}],"about":[{"href":"https:\/\/www.krautz.de\/jagd\/wp-json\/wp\/v2\/types\/page"}],"author":[{"embeddable":true,"href":"https:\/\/www.krautz.de\/jagd\/wp-json\/wp\/v2\/users\/3"}],"replies":[{"embeddable":true,"href":"https:\/\/www.krautz.de\/jagd\/wp-json\/wp\/v2\/comments?post=1815"}],"version-history":[{"count":3,"href":"https:\/\/www.krautz.de\/jagd\/wp-json\/wp\/v2\/pages\/1815\/revisions"}],"predecessor-version":[{"id":1834,"href":"https:\/\/www.krautz.de\/jagd\/wp-json\/wp\/v2\/pages\/1815\/revisions\/1834"}],"wp:attachment":[{"href":"https:\/\/www.krautz.de\/jagd\/wp-json\/wp\/v2\/media?parent=1815"}],"curies":[{"name":"wp","href":"https:\/\/api.w.org\/{rel}","templated":true}]}}