{"id":1813,"date":"2016-10-27T20:54:39","date_gmt":"2016-10-27T18:54:39","guid":{"rendered":"https:\/\/www.krautz.de\/jagd\/?page_id=1813"},"modified":"2017-01-08T17:01:47","modified_gmt":"2017-01-08T16:01:47","slug":"kochwurst","status":"publish","type":"page","link":"https:\/\/www.krautz.de\/jagd\/kochwurst\/","title":{"rendered":"Kochwurst"},"content":{"rendered":"<p>Wurstbezeichnung<\/p>\n<p>Bei meinen Recherchen bin ich darauf gesto\u00dfen, dass die gleiche Wurstsorten im deutschsprachigen Raum unterschiedlich bezeichnet werden. Deshalb ist es egal wie man die Wurst bezeichnet. Ich habe auch schon einmal Reste zur Kochwurst verarbeitet, alles was \u00fcbrig war abgeschmeckt und im Darm abgef\u00fcllt. Dabei kam dann so etwas wie Leberwurst ohne Leber und Zungenwurst ohne Blut raus. Hat trotzdem geschmeckt, obwohl mir kein Name f\u00fcr diese Wurst eingefallen ist.<\/p>\n<p>Kochwurst kann man im Glas abf\u00fcllen oder in D\u00e4rme. Insbesondere Naturd\u00e4rme kann man R\u00e4uchern. Wer keine Wurstf\u00fcllmaschine hat, der f\u00fcllt die Masse eben in Gl\u00e4ser ab.<\/p>\n<p>Grobe Kochwurst<\/p>\n<p>Das magere und das fette Fleisch sollte vorgegart werden, d.h. man kocht das Fleisch mit Gew\u00fcrzen weich. Dann sortiert man das Fleisch und versucht ganze St\u00fccken vom mageren Fleisch zu gewinnen. Dann dreht man das Fleisch durch und vermengt es.<\/p>\n<p>&nbsp;<\/p>\n","protected":false},"excerpt":{"rendered":"<p>Wurstbezeichnung Bei meinen Recherchen bin ich darauf gesto\u00dfen, dass die gleiche Wurstsorten im deutschsprachigen Raum unterschiedlich bezeichnet werden. Deshalb ist es egal wie man die Wurst bezeichnet. Ich habe auch schon einmal Reste zur Kochwurst verarbeitet, alles was \u00fcbrig war abgeschmeckt und im Darm abgef\u00fcllt. Dabei kam dann so etwas wie Leberwurst ohne Leber und&hellip;<\/p>\n","protected":false},"author":3,"featured_media":0,"parent":0,"menu_order":0,"comment_status":"closed","ping_status":"closed","template":"","meta":{"footnotes":""},"class_list":["post-1813","page","type-page","status-publish","hentry","description-off"],"yoast_head":"<!-- This site is optimized with the Yoast SEO plugin v26.8 - https:\/\/yoast.com\/product\/yoast-seo-wordpress\/ -->\n<title>Kochwurst - Die Jagd - Jens Krautz<\/title>\n<meta name=\"robots\" content=\"index, follow, max-snippet:-1, max-image-preview:large, max-video-preview:-1\" \/>\n<link rel=\"canonical\" href=\"https:\/\/www.krautz.de\/jagd\/kochwurst\/\" \/>\n<meta property=\"og:locale\" content=\"de_DE\" \/>\n<meta property=\"og:type\" content=\"article\" \/>\n<meta property=\"og:title\" content=\"Kochwurst - Die Jagd - Jens Krautz\" \/>\n<meta property=\"og:description\" content=\"Wurstbezeichnung Bei meinen Recherchen bin ich darauf gesto\u00dfen, dass die gleiche Wurstsorten im deutschsprachigen Raum unterschiedlich bezeichnet werden. Deshalb ist es egal wie man die Wurst bezeichnet. Ich habe auch schon einmal Reste zur Kochwurst verarbeitet, alles was \u00fcbrig war abgeschmeckt und im Darm abgef\u00fcllt. Dabei kam dann so etwas wie Leberwurst ohne Leber und&hellip;\" \/>\n<meta property=\"og:url\" content=\"https:\/\/www.krautz.de\/jagd\/kochwurst\/\" \/>\n<meta property=\"og:site_name\" content=\"Die Jagd - Jens Krautz\" \/>\n<meta property=\"article:modified_time\" content=\"2017-01-08T16:01:47+00:00\" \/>\n<meta name=\"twitter:card\" content=\"summary_large_image\" \/>\n<meta name=\"twitter:label1\" content=\"Gesch\u00e4tzte Lesezeit\" \/>\n\t<meta name=\"twitter:data1\" content=\"1\u00a0Minute\" \/>\n<script type=\"application\/ld+json\" class=\"yoast-schema-graph\">{\"@context\":\"https:\/\/schema.org\",\"@graph\":[{\"@type\":\"WebPage\",\"@id\":\"https:\/\/www.krautz.de\/jagd\/kochwurst\/\",\"url\":\"https:\/\/www.krautz.de\/jagd\/kochwurst\/\",\"name\":\"Kochwurst - Die Jagd - Jens Krautz\",\"isPartOf\":{\"@id\":\"https:\/\/www.krautz.de\/jagd\/#website\"},\"datePublished\":\"2016-10-27T18:54:39+00:00\",\"dateModified\":\"2017-01-08T16:01:47+00:00\",\"breadcrumb\":{\"@id\":\"https:\/\/www.krautz.de\/jagd\/kochwurst\/#breadcrumb\"},\"inLanguage\":\"de\",\"potentialAction\":[{\"@type\":\"ReadAction\",\"target\":[\"https:\/\/www.krautz.de\/jagd\/kochwurst\/\"]}]},{\"@type\":\"BreadcrumbList\",\"@id\":\"https:\/\/www.krautz.de\/jagd\/kochwurst\/#breadcrumb\",\"itemListElement\":[{\"@type\":\"ListItem\",\"position\":1,\"name\":\"Home\",\"item\":\"https:\/\/www.krautz.de\/jagd\/\"},{\"@type\":\"ListItem\",\"position\":2,\"name\":\"Kochwurst\"}]},{\"@type\":\"WebSite\",\"@id\":\"https:\/\/www.krautz.de\/jagd\/#website\",\"url\":\"https:\/\/www.krautz.de\/jagd\/\",\"name\":\"Die Jagd - Jens Krautz\",\"description\":\"\",\"potentialAction\":[{\"@type\":\"SearchAction\",\"target\":{\"@type\":\"EntryPoint\",\"urlTemplate\":\"https:\/\/www.krautz.de\/jagd\/?s={search_term_string}\"},\"query-input\":{\"@type\":\"PropertyValueSpecification\",\"valueRequired\":true,\"valueName\":\"search_term_string\"}}],\"inLanguage\":\"de\"}]}<\/script>\n<!-- \/ Yoast SEO plugin. -->","yoast_head_json":{"title":"Kochwurst - Die Jagd - Jens Krautz","robots":{"index":"index","follow":"follow","max-snippet":"max-snippet:-1","max-image-preview":"max-image-preview:large","max-video-preview":"max-video-preview:-1"},"canonical":"https:\/\/www.krautz.de\/jagd\/kochwurst\/","og_locale":"de_DE","og_type":"article","og_title":"Kochwurst - Die Jagd - Jens Krautz","og_description":"Wurstbezeichnung Bei meinen Recherchen bin ich darauf gesto\u00dfen, dass die gleiche Wurstsorten im deutschsprachigen Raum unterschiedlich bezeichnet werden. Deshalb ist es egal wie man die Wurst bezeichnet. Ich habe auch schon einmal Reste zur Kochwurst verarbeitet, alles was \u00fcbrig war abgeschmeckt und im Darm abgef\u00fcllt. Dabei kam dann so etwas wie Leberwurst ohne Leber und&hellip;","og_url":"https:\/\/www.krautz.de\/jagd\/kochwurst\/","og_site_name":"Die Jagd - Jens Krautz","article_modified_time":"2017-01-08T16:01:47+00:00","twitter_card":"summary_large_image","twitter_misc":{"Gesch\u00e4tzte Lesezeit":"1\u00a0Minute"},"schema":{"@context":"https:\/\/schema.org","@graph":[{"@type":"WebPage","@id":"https:\/\/www.krautz.de\/jagd\/kochwurst\/","url":"https:\/\/www.krautz.de\/jagd\/kochwurst\/","name":"Kochwurst - Die Jagd - Jens Krautz","isPartOf":{"@id":"https:\/\/www.krautz.de\/jagd\/#website"},"datePublished":"2016-10-27T18:54:39+00:00","dateModified":"2017-01-08T16:01:47+00:00","breadcrumb":{"@id":"https:\/\/www.krautz.de\/jagd\/kochwurst\/#breadcrumb"},"inLanguage":"de","potentialAction":[{"@type":"ReadAction","target":["https:\/\/www.krautz.de\/jagd\/kochwurst\/"]}]},{"@type":"BreadcrumbList","@id":"https:\/\/www.krautz.de\/jagd\/kochwurst\/#breadcrumb","itemListElement":[{"@type":"ListItem","position":1,"name":"Home","item":"https:\/\/www.krautz.de\/jagd\/"},{"@type":"ListItem","position":2,"name":"Kochwurst"}]},{"@type":"WebSite","@id":"https:\/\/www.krautz.de\/jagd\/#website","url":"https:\/\/www.krautz.de\/jagd\/","name":"Die Jagd - Jens Krautz","description":"","potentialAction":[{"@type":"SearchAction","target":{"@type":"EntryPoint","urlTemplate":"https:\/\/www.krautz.de\/jagd\/?s={search_term_string}"},"query-input":{"@type":"PropertyValueSpecification","valueRequired":true,"valueName":"search_term_string"}}],"inLanguage":"de"}]}},"_links":{"self":[{"href":"https:\/\/www.krautz.de\/jagd\/wp-json\/wp\/v2\/pages\/1813","targetHints":{"allow":["GET"]}}],"collection":[{"href":"https:\/\/www.krautz.de\/jagd\/wp-json\/wp\/v2\/pages"}],"about":[{"href":"https:\/\/www.krautz.de\/jagd\/wp-json\/wp\/v2\/types\/page"}],"author":[{"embeddable":true,"href":"https:\/\/www.krautz.de\/jagd\/wp-json\/wp\/v2\/users\/3"}],"replies":[{"embeddable":true,"href":"https:\/\/www.krautz.de\/jagd\/wp-json\/wp\/v2\/comments?post=1813"}],"version-history":[{"count":3,"href":"https:\/\/www.krautz.de\/jagd\/wp-json\/wp\/v2\/pages\/1813\/revisions"}],"predecessor-version":[{"id":1836,"href":"https:\/\/www.krautz.de\/jagd\/wp-json\/wp\/v2\/pages\/1813\/revisions\/1836"}],"wp:attachment":[{"href":"https:\/\/www.krautz.de\/jagd\/wp-json\/wp\/v2\/media?parent=1813"}],"curies":[{"name":"wp","href":"https:\/\/api.w.org\/{rel}","templated":true}]}}