{"id":1811,"date":"2016-10-27T20:49:00","date_gmt":"2016-10-27T18:49:00","guid":{"rendered":"https:\/\/www.krautz.de\/jagd\/?page_id=1811"},"modified":"2017-01-08T17:02:15","modified_gmt":"2017-01-08T16:02:15","slug":"suelze","status":"publish","type":"page","link":"https:\/\/www.krautz.de\/jagd\/suelze\/","title":{"rendered":"S\u00fclze"},"content":{"rendered":"<p>&nbsp;<\/p>\n<p>&nbsp;<\/p>\n<p>S\u00fclze ist die einfachste Art, Wurst zu machen. Man ben\u00f6tigt keine speziellen Ger\u00e4te. <a class=\"dt-single-image\" href=\"https:\/\/www.krautz.de\/jagd\/wp-content\/uploads\/2016\/12\/S\u00fclze04.jpg\" rel=\"attachment wp-att-1842\" data-dt-img-description=\"\"><img loading=\"lazy\" decoding=\"async\" class=\"size-medium wp-image-1842 alignleft\" src=\"https:\/\/www.krautz.de\/jagd\/wp-content\/uploads\/2016\/12\/S\u00fclze04-300x225.jpg\" alt=\"suelze04\" width=\"300\" height=\"225\" srcset=\"https:\/\/www.krautz.de\/jagd\/wp-content\/uploads\/2016\/12\/S\u00fclze04-300x225.jpg 300w, https:\/\/www.krautz.de\/jagd\/wp-content\/uploads\/2016\/12\/S\u00fclze04-768x576.jpg 768w, https:\/\/www.krautz.de\/jagd\/wp-content\/uploads\/2016\/12\/S\u00fclze04.jpg 800w\" sizes=\"auto, (max-width: 300px) 100vw, 300px\" \/><\/a>Ich koche dazu Knochen in Salzwasser mit Lorbeer, Wacholder und Piment sowie\u00a0mit Suppengem\u00fcse ab. Einfach soviel Salz und Gew\u00fcrze nehmen, dass man das Fleisch nach dem Kochen nicht mehr nachw\u00fcrzen muss.<\/p>\n<p>Nimmt man Nitritp\u00f6kelsalz, dann wird das Fleisch Rot. Bei normalem Fleisch wird das Fleisch grau. Das magere Fleisch sortiere ich dann aus. Die Fleischbr\u00fche gie\u00dfe ich dann durch ein Sieb.\u00a0Man kann das warme, magere Fleisch dann pressen und nach dem Erkalten in W\u00fcrfel schneiden. Das Fleisch dann in eine Sch\u00fcssel tun.<\/p>\n<p>Je nach Geschmack kann man dann Zwiebeln und Gurken w\u00fcrfeln und in die Sch\u00fcssel geben. Ich habe auch schon sauer eingelegtes Gem\u00fcse verwendet. Nach jeder Gurke und Zwiebel die Masse verr\u00fchren, bis man nach eigenem Geschmack ein ordentliches Mischungsverh\u00e4ltnis hat. Dann die Br\u00fche erw\u00e4rmen und\u00a0Gelatine unterr\u00fchren. Die Fleisch und Gem\u00fcsemasse in einen Kunstdarm oder Beh\u00e4ltnis geben und\u00a0mit Gelatine auff\u00fcllen. Erkalten lassen. Nimmt man ein Gef\u00e4\u00df, kann man die Oberfl\u00e4che mit Kr\u00e4utern bestreuen.<\/p>\n<p>&nbsp;<\/p>\n<p><a class=\"dt-single-image\" href=\"https:\/\/www.krautz.de\/jagd\/wp-content\/uploads\/2016\/12\/S\u00fclze02.jpg\" rel=\"attachment wp-att-1840\" data-dt-img-description=\"\"><img loading=\"lazy\" decoding=\"async\" class=\"alignnone size-medium wp-image-1840\" src=\"https:\/\/www.krautz.de\/jagd\/wp-content\/uploads\/2016\/12\/S\u00fclze02-300x225.jpg\" alt=\"suelze02\" width=\"300\" height=\"225\" srcset=\"https:\/\/www.krautz.de\/jagd\/wp-content\/uploads\/2016\/12\/S\u00fclze02-300x225.jpg 300w, https:\/\/www.krautz.de\/jagd\/wp-content\/uploads\/2016\/12\/S\u00fclze02-768x576.jpg 768w, https:\/\/www.krautz.de\/jagd\/wp-content\/uploads\/2016\/12\/S\u00fclze02.jpg 800w\" sizes=\"auto, (max-width: 300px) 100vw, 300px\" \/><\/a><\/p>\n<p><a class=\"dt-single-image\" href=\"https:\/\/www.krautz.de\/jagd\/wp-content\/uploads\/2016\/12\/S\u00fclze01.jpg\" rel=\"attachment wp-att-1839\" data-dt-img-description=\"\"><img loading=\"lazy\" decoding=\"async\" class=\"alignnone size-medium wp-image-1839\" src=\"https:\/\/www.krautz.de\/jagd\/wp-content\/uploads\/2016\/12\/S\u00fclze01-300x225.jpg\" alt=\"suelze01\" width=\"300\" height=\"225\" srcset=\"https:\/\/www.krautz.de\/jagd\/wp-content\/uploads\/2016\/12\/S\u00fclze01-300x225.jpg 300w, https:\/\/www.krautz.de\/jagd\/wp-content\/uploads\/2016\/12\/S\u00fclze01-768x576.jpg 768w, https:\/\/www.krautz.de\/jagd\/wp-content\/uploads\/2016\/12\/S\u00fclze01.jpg 800w\" sizes=\"auto, (max-width: 300px) 100vw, 300px\" \/><\/a><\/p>\n<p>&nbsp;<\/p>\n","protected":false},"excerpt":{"rendered":"<p>&nbsp; &nbsp; S\u00fclze ist die einfachste Art, Wurst zu machen. Man ben\u00f6tigt keine speziellen Ger\u00e4te. Ich koche dazu Knochen in Salzwasser mit Lorbeer, Wacholder und Piment sowie\u00a0mit Suppengem\u00fcse ab. Einfach soviel Salz und Gew\u00fcrze nehmen, dass man das Fleisch nach dem Kochen nicht mehr nachw\u00fcrzen muss. Nimmt man Nitritp\u00f6kelsalz, dann wird das Fleisch Rot. Bei&hellip;<\/p>\n","protected":false},"author":3,"featured_media":0,"parent":0,"menu_order":0,"comment_status":"closed","ping_status":"closed","template":"","meta":{"footnotes":""},"class_list":["post-1811","page","type-page","status-publish","hentry","description-off"],"yoast_head":"<!-- This site is optimized with the Yoast SEO plugin v26.8 - https:\/\/yoast.com\/product\/yoast-seo-wordpress\/ -->\n<title>S\u00fclze - Die Jagd - Jens Krautz<\/title>\n<meta name=\"robots\" content=\"index, follow, max-snippet:-1, max-image-preview:large, max-video-preview:-1\" \/>\n<link rel=\"canonical\" href=\"https:\/\/www.krautz.de\/jagd\/suelze\/\" \/>\n<meta property=\"og:locale\" content=\"de_DE\" \/>\n<meta property=\"og:type\" content=\"article\" \/>\n<meta property=\"og:title\" content=\"S\u00fclze - Die Jagd - Jens Krautz\" \/>\n<meta property=\"og:description\" content=\"&nbsp; &nbsp; S\u00fclze ist die einfachste Art, Wurst zu machen. Man ben\u00f6tigt keine speziellen Ger\u00e4te. Ich koche dazu Knochen in Salzwasser mit Lorbeer, Wacholder und Piment sowie\u00a0mit Suppengem\u00fcse ab. Einfach soviel Salz und Gew\u00fcrze nehmen, dass man das Fleisch nach dem Kochen nicht mehr nachw\u00fcrzen muss. Nimmt man Nitritp\u00f6kelsalz, dann wird das Fleisch Rot. Bei&hellip;\" \/>\n<meta property=\"og:url\" content=\"https:\/\/www.krautz.de\/jagd\/suelze\/\" \/>\n<meta property=\"og:site_name\" content=\"Die Jagd - Jens Krautz\" \/>\n<meta property=\"article:modified_time\" content=\"2017-01-08T16:02:15+00:00\" \/>\n<meta property=\"og:image\" content=\"https:\/\/www.krautz.de\/jagd\/wp-content\/uploads\/2016\/12\/S\u00fclze04-300x225.jpg\" \/>\n<meta name=\"twitter:card\" content=\"summary_large_image\" \/>\n<meta name=\"twitter:label1\" content=\"Gesch\u00e4tzte Lesezeit\" \/>\n\t<meta name=\"twitter:data1\" content=\"1\u00a0Minute\" \/>\n<script type=\"application\/ld+json\" class=\"yoast-schema-graph\">{\"@context\":\"https:\/\/schema.org\",\"@graph\":[{\"@type\":\"WebPage\",\"@id\":\"https:\/\/www.krautz.de\/jagd\/suelze\/\",\"url\":\"https:\/\/www.krautz.de\/jagd\/suelze\/\",\"name\":\"S\u00fclze - Die Jagd - Jens Krautz\",\"isPartOf\":{\"@id\":\"https:\/\/www.krautz.de\/jagd\/#website\"},\"datePublished\":\"2016-10-27T18:49:00+00:00\",\"dateModified\":\"2017-01-08T16:02:15+00:00\",\"breadcrumb\":{\"@id\":\"https:\/\/www.krautz.de\/jagd\/suelze\/#breadcrumb\"},\"inLanguage\":\"de\",\"potentialAction\":[{\"@type\":\"ReadAction\",\"target\":[\"https:\/\/www.krautz.de\/jagd\/suelze\/\"]}]},{\"@type\":\"BreadcrumbList\",\"@id\":\"https:\/\/www.krautz.de\/jagd\/suelze\/#breadcrumb\",\"itemListElement\":[{\"@type\":\"ListItem\",\"position\":1,\"name\":\"Home\",\"item\":\"https:\/\/www.krautz.de\/jagd\/\"},{\"@type\":\"ListItem\",\"position\":2,\"name\":\"S\u00fclze\"}]},{\"@type\":\"WebSite\",\"@id\":\"https:\/\/www.krautz.de\/jagd\/#website\",\"url\":\"https:\/\/www.krautz.de\/jagd\/\",\"name\":\"Die Jagd - Jens Krautz\",\"description\":\"\",\"potentialAction\":[{\"@type\":\"SearchAction\",\"target\":{\"@type\":\"EntryPoint\",\"urlTemplate\":\"https:\/\/www.krautz.de\/jagd\/?s={search_term_string}\"},\"query-input\":{\"@type\":\"PropertyValueSpecification\",\"valueRequired\":true,\"valueName\":\"search_term_string\"}}],\"inLanguage\":\"de\"}]}<\/script>\n<!-- \/ Yoast SEO plugin. -->","yoast_head_json":{"title":"S\u00fclze - Die Jagd - Jens Krautz","robots":{"index":"index","follow":"follow","max-snippet":"max-snippet:-1","max-image-preview":"max-image-preview:large","max-video-preview":"max-video-preview:-1"},"canonical":"https:\/\/www.krautz.de\/jagd\/suelze\/","og_locale":"de_DE","og_type":"article","og_title":"S\u00fclze - Die Jagd - Jens Krautz","og_description":"&nbsp; &nbsp; S\u00fclze ist die einfachste Art, Wurst zu machen. Man ben\u00f6tigt keine speziellen Ger\u00e4te. Ich koche dazu Knochen in Salzwasser mit Lorbeer, Wacholder und Piment sowie\u00a0mit Suppengem\u00fcse ab. Einfach soviel Salz und Gew\u00fcrze nehmen, dass man das Fleisch nach dem Kochen nicht mehr nachw\u00fcrzen muss. Nimmt man Nitritp\u00f6kelsalz, dann wird das Fleisch Rot. Bei&hellip;","og_url":"https:\/\/www.krautz.de\/jagd\/suelze\/","og_site_name":"Die Jagd - Jens Krautz","article_modified_time":"2017-01-08T16:02:15+00:00","og_image":[{"url":"https:\/\/www.krautz.de\/jagd\/wp-content\/uploads\/2016\/12\/S\u00fclze04-300x225.jpg","type":"","width":"","height":""}],"twitter_card":"summary_large_image","twitter_misc":{"Gesch\u00e4tzte Lesezeit":"1\u00a0Minute"},"schema":{"@context":"https:\/\/schema.org","@graph":[{"@type":"WebPage","@id":"https:\/\/www.krautz.de\/jagd\/suelze\/","url":"https:\/\/www.krautz.de\/jagd\/suelze\/","name":"S\u00fclze - Die Jagd - Jens Krautz","isPartOf":{"@id":"https:\/\/www.krautz.de\/jagd\/#website"},"datePublished":"2016-10-27T18:49:00+00:00","dateModified":"2017-01-08T16:02:15+00:00","breadcrumb":{"@id":"https:\/\/www.krautz.de\/jagd\/suelze\/#breadcrumb"},"inLanguage":"de","potentialAction":[{"@type":"ReadAction","target":["https:\/\/www.krautz.de\/jagd\/suelze\/"]}]},{"@type":"BreadcrumbList","@id":"https:\/\/www.krautz.de\/jagd\/suelze\/#breadcrumb","itemListElement":[{"@type":"ListItem","position":1,"name":"Home","item":"https:\/\/www.krautz.de\/jagd\/"},{"@type":"ListItem","position":2,"name":"S\u00fclze"}]},{"@type":"WebSite","@id":"https:\/\/www.krautz.de\/jagd\/#website","url":"https:\/\/www.krautz.de\/jagd\/","name":"Die Jagd - Jens Krautz","description":"","potentialAction":[{"@type":"SearchAction","target":{"@type":"EntryPoint","urlTemplate":"https:\/\/www.krautz.de\/jagd\/?s={search_term_string}"},"query-input":{"@type":"PropertyValueSpecification","valueRequired":true,"valueName":"search_term_string"}}],"inLanguage":"de"}]}},"_links":{"self":[{"href":"https:\/\/www.krautz.de\/jagd\/wp-json\/wp\/v2\/pages\/1811","targetHints":{"allow":["GET"]}}],"collection":[{"href":"https:\/\/www.krautz.de\/jagd\/wp-json\/wp\/v2\/pages"}],"about":[{"href":"https:\/\/www.krautz.de\/jagd\/wp-json\/wp\/v2\/types\/page"}],"author":[{"embeddable":true,"href":"https:\/\/www.krautz.de\/jagd\/wp-json\/wp\/v2\/users\/3"}],"replies":[{"embeddable":true,"href":"https:\/\/www.krautz.de\/jagd\/wp-json\/wp\/v2\/comments?post=1811"}],"version-history":[{"count":4,"href":"https:\/\/www.krautz.de\/jagd\/wp-json\/wp\/v2\/pages\/1811\/revisions"}],"predecessor-version":[{"id":1843,"href":"https:\/\/www.krautz.de\/jagd\/wp-json\/wp\/v2\/pages\/1811\/revisions\/1843"}],"wp:attachment":[{"href":"https:\/\/www.krautz.de\/jagd\/wp-json\/wp\/v2\/media?parent=1811"}],"curies":[{"name":"wp","href":"https:\/\/api.w.org\/{rel}","templated":true}]}}