{"id":1808,"date":"2016-10-27T20:43:01","date_gmt":"2016-10-27T18:43:01","guid":{"rendered":"https:\/\/www.krautz.de\/jagd\/?page_id=1808"},"modified":"2017-01-08T17:05:14","modified_gmt":"2017-01-08T16:05:14","slug":"grundlagen","status":"publish","type":"page","link":"https:\/\/www.krautz.de\/jagd\/grundlagen\/","title":{"rendered":"Grundlagen"},"content":{"rendered":"<h2>Die Ausgangslage<\/h2>\n<p>Als J\u00e4ger verwerte ich einige St\u00fccken selbst. Irgendwann bin ich darauf gekommen, dass ich auch\u00a0Wurst und Schinken machen\u00a0k\u00f6nnte. Zuerst habe ich\u00a0im Internet nach einschl\u00e4gigen Anleitungen und Rezepten gesucht. Irgendwie passten die Beitr\u00e4ge nicht genau auf meine Verh\u00e4ltnisse. Ich habe das aber nie so hinbekommen. Daher habe ich \u00fcber den Landesjagdverband Kurse zur Herstellung von Wurst und Schinken absolviert. Parallel dazu durfte ich einigen Fleischern \u00fcber die Schulter schauen und am wichtigsten f\u00fcr mich war jedoch, dass diese Fleischer auch meine Wurst und meinen Schinken probiert und kritisiert haben. Nachfolgend will ich meine Erfahrungen zusammenfassen.<\/p>\n<h2>Fleischermeister gegen Hobbywurstler<\/h2>\n<p>Fleischer ist ein Ausbildungsberuf,\u00a0Fleischermeister ist noch eine weitere langj\u00e4hrige Qualifikation. Gegen diese Zunft werden wir Hobbywurstler uns nie messen k\u00f6nnen. Die Profis haben jedoch eine andere Ausgangslage. Wenn man Wurst im Laden verkaufen will,\u00a0muss die Wurst immer gleich werden. Die Optik muss jedes Mal gleich sein. Ein Kunde probiert sich bei einem Fleischer oder im\u00a0Supermarkt solange durch das Angebot, bis er eine Wurst gefunden hat die schmeckt. Diese Wurst kauft er dann gerne wieder.\u00a0Und die Wurst muss auch einer breiten Kundschaft schmecken. Betriebswirtschaftlich macht es keinen Sinn, eine Wurstsorte herzustellen, die nur wenig gekauft wird.<\/p>\n<p>Alle Anleitungen\u00a0von Fleischern\u00a0gehen\u00a0von dieser Ausgangslage aus. Der Fleischer nimmt f\u00fcr seine Wurst z.B. genau 1,2 kg aus der Schulter, 1,4 kg vom Bauch und 800g aus der Keule. Das k\u00f6nnen wir als Verwerter vom Wild nicht. Wir m\u00fcssen das Fleisch verarbeiten, dass nach dem Zerlegen \u00fcbrig bleibt und den Rest dazu kaufen.<\/p>\n<p>Wir verdienen kein Geld mit dem Wurstmachen. Es ist ein Hobby, das kostet. Der Fleischer muss die Arbeitsg\u00e4nge rational und so billig wie m\u00f6glich gestalten. Kein Fleischer stellt sich hin und entfernt alle H\u00e4ute und Sehnen aus dem Fleisch. Die Arbeitszeit w\u00e4re kaum zu bezahlen. Ich habe mal versucht zu ermitteln, wie teuer eine Hobbywurst ist. Ich bin zu keiner vern\u00fcnftigen Zahl gekommen. Ich habe Ger\u00e4te angeschafft, Vakuumierer, Fleischwolf, Kutter, Wurstf\u00fcllmaschine, R\u00e4ucherofen. Im Laufe der Zeit sind da auch \u00fcber 2.500 Euro zusammengekommen.\u00a0Fettes Fleisch muss man immer dazu kaufen. Gew\u00fcrze und D\u00e4rme sind auch nicht billig.<\/p>\n<h2>Aus Fehlern lernt man &#8211; \u00dcbung macht den Meister<\/h2>\n<p>Ganz wichtig, kleine Mengen verarbeiten.<\/p>\n<p>Nach dem Zerlegen sortiere ich das Fleisch. Ich friere f\u00fcr Wurst und Schinken immer Portionen zu 3 kg ein. Gro\u00dfe St\u00fccke f\u00fcr Schinken und Produktionsfleisch, Bei einem Verh\u00e4ltnis 2 Teile mageres Fleisch und 1 Teil fettes Fleisch komme ich auf knapp 5 kg Wurst. Bei 100g Wurstverbrauch am Tag, komme ich damit 50 Tage.\u00a0Einmal habe ich aus 30 kg Wild und 15 kg fettem Fleisch 45 kg Salami hergestellt. Das macht keinen Spa\u00df mehr und wenn das dann misslingt, muss ich sehen, wie ich 90 Salamis loswerde.\u00a0Mein Limit liegt bei\u00a0maximal 12 kg Wurst an einem Tag. Jeder der schon einmal\u00a0bei einer Hausschlachtung mitgemacht hat wei\u00df, dass das irgendwann im Laufe des Tages anstrengend wird und man nach\u00a01 Jahr\u00a0immer noch nicht alle Wurst aufgegessen hat.<\/p>\n<h2>Sparsam\u00a0w\u00fcrzen<\/h2>\n<p>Nichts ist schlimmer, wenn ein Gew\u00fcrz \u00fcberm\u00e4\u00dfig durchschmeckt. Das ist mir\u00a0schon mit Wacholder und mit K\u00fcmmel passiert. Zu viel Pfeffer und Salz kann man\u00a0irgendwie kompensieren. Das Verw\u00fcrzen\u00a0passiert, wenn man keine Waage benutzt, bzw. beim Abwiegen zu geringer Mengen.\u00a0Ich kann nicht 0,2 g Muskat oder 0,4 g Ingwer abwiegen. Es lohnt sich auch nicht, sich selbst Gew\u00fcrzmischungen in gr\u00f6\u00dferen Mengen herzustellen, weil man die\u00a0ja \u00fcber Jahre nicht verbrauchen kann. Ich kaufe Gew\u00fcrzmischungen im Hausschlachtebedarf und achte darauf, dass die ohne Zusatzstoffe wie z.B. Glutamat sind.<\/p>\n<p>Den eignen Arbeitsgang und die eigene Rezeptur finden<\/p>\n<p>Jeder R\u00e4ucherofen ist anders. Wer billig kauft, kauft zweimal oder dreimal. Inzwischen habe ich den dritten R\u00e4ucherofen. Wenn ich einmal Wurst mache und diese aus Kapazit\u00e4tsgr\u00fcnden in\u00a0meinen drei verschiedenen R\u00e4ucher\u00f6fen bereite, wird die Wurst in jedem Ofen anders. Das gleiche gilt f\u00fcr das P\u00f6keln. Deshalb die Arbeitsg\u00e4nge protokollieren, das Ergebnis auswerten\u00a0und beim n\u00e4chsten Mal verbessern. Alle Anleitungen und B\u00fccher sind nur grobe Orientierung. Jeder muss f\u00fcr sich die Abl\u00e4ufe und Rezepturen finden.<\/p>\n","protected":false},"excerpt":{"rendered":"<p>Die Ausgangslage Als J\u00e4ger verwerte ich einige St\u00fccken selbst. Irgendwann bin ich darauf gekommen, dass ich auch\u00a0Wurst und Schinken machen\u00a0k\u00f6nnte. Zuerst habe ich\u00a0im Internet nach einschl\u00e4gigen Anleitungen und Rezepten gesucht. Irgendwie passten die Beitr\u00e4ge nicht genau auf meine Verh\u00e4ltnisse. Ich habe das aber nie so hinbekommen. Daher habe ich \u00fcber den Landesjagdverband Kurse zur Herstellung&hellip;<\/p>\n","protected":false},"author":3,"featured_media":0,"parent":0,"menu_order":0,"comment_status":"closed","ping_status":"closed","template":"","meta":{"footnotes":""},"class_list":["post-1808","page","type-page","status-publish","hentry","description-off"],"yoast_head":"<!-- This site is optimized with the Yoast SEO plugin v26.8 - https:\/\/yoast.com\/product\/yoast-seo-wordpress\/ -->\n<title>Grundlagen - Die Jagd - Jens Krautz<\/title>\n<meta name=\"robots\" content=\"index, follow, max-snippet:-1, max-image-preview:large, max-video-preview:-1\" \/>\n<link rel=\"canonical\" href=\"https:\/\/www.krautz.de\/jagd\/grundlagen\/\" \/>\n<meta property=\"og:locale\" content=\"de_DE\" \/>\n<meta property=\"og:type\" content=\"article\" \/>\n<meta property=\"og:title\" content=\"Grundlagen - Die Jagd - Jens Krautz\" \/>\n<meta property=\"og:description\" content=\"Die Ausgangslage Als J\u00e4ger verwerte ich einige St\u00fccken selbst. Irgendwann bin ich darauf gekommen, dass ich auch\u00a0Wurst und Schinken machen\u00a0k\u00f6nnte. Zuerst habe ich\u00a0im Internet nach einschl\u00e4gigen Anleitungen und Rezepten gesucht. Irgendwie passten die Beitr\u00e4ge nicht genau auf meine Verh\u00e4ltnisse. Ich habe das aber nie so hinbekommen. Daher habe ich \u00fcber den Landesjagdverband Kurse zur Herstellung&hellip;\" \/>\n<meta property=\"og:url\" content=\"https:\/\/www.krautz.de\/jagd\/grundlagen\/\" \/>\n<meta property=\"og:site_name\" content=\"Die Jagd - Jens Krautz\" \/>\n<meta property=\"article:modified_time\" content=\"2017-01-08T16:05:14+00:00\" \/>\n<meta name=\"twitter:card\" content=\"summary_large_image\" \/>\n<meta name=\"twitter:label1\" content=\"Gesch\u00e4tzte Lesezeit\" \/>\n\t<meta name=\"twitter:data1\" content=\"4\u00a0Minuten\" \/>\n<script type=\"application\/ld+json\" class=\"yoast-schema-graph\">{\"@context\":\"https:\/\/schema.org\",\"@graph\":[{\"@type\":\"WebPage\",\"@id\":\"https:\/\/www.krautz.de\/jagd\/grundlagen\/\",\"url\":\"https:\/\/www.krautz.de\/jagd\/grundlagen\/\",\"name\":\"Grundlagen - Die Jagd - Jens Krautz\",\"isPartOf\":{\"@id\":\"https:\/\/www.krautz.de\/jagd\/#website\"},\"datePublished\":\"2016-10-27T18:43:01+00:00\",\"dateModified\":\"2017-01-08T16:05:14+00:00\",\"breadcrumb\":{\"@id\":\"https:\/\/www.krautz.de\/jagd\/grundlagen\/#breadcrumb\"},\"inLanguage\":\"de\",\"potentialAction\":[{\"@type\":\"ReadAction\",\"target\":[\"https:\/\/www.krautz.de\/jagd\/grundlagen\/\"]}]},{\"@type\":\"BreadcrumbList\",\"@id\":\"https:\/\/www.krautz.de\/jagd\/grundlagen\/#breadcrumb\",\"itemListElement\":[{\"@type\":\"ListItem\",\"position\":1,\"name\":\"Home\",\"item\":\"https:\/\/www.krautz.de\/jagd\/\"},{\"@type\":\"ListItem\",\"position\":2,\"name\":\"Grundlagen\"}]},{\"@type\":\"WebSite\",\"@id\":\"https:\/\/www.krautz.de\/jagd\/#website\",\"url\":\"https:\/\/www.krautz.de\/jagd\/\",\"name\":\"Die Jagd - Jens Krautz\",\"description\":\"\",\"potentialAction\":[{\"@type\":\"SearchAction\",\"target\":{\"@type\":\"EntryPoint\",\"urlTemplate\":\"https:\/\/www.krautz.de\/jagd\/?s={search_term_string}\"},\"query-input\":{\"@type\":\"PropertyValueSpecification\",\"valueRequired\":true,\"valueName\":\"search_term_string\"}}],\"inLanguage\":\"de\"}]}<\/script>\n<!-- \/ Yoast SEO plugin. -->","yoast_head_json":{"title":"Grundlagen - Die Jagd - Jens Krautz","robots":{"index":"index","follow":"follow","max-snippet":"max-snippet:-1","max-image-preview":"max-image-preview:large","max-video-preview":"max-video-preview:-1"},"canonical":"https:\/\/www.krautz.de\/jagd\/grundlagen\/","og_locale":"de_DE","og_type":"article","og_title":"Grundlagen - Die Jagd - Jens Krautz","og_description":"Die Ausgangslage Als J\u00e4ger verwerte ich einige St\u00fccken selbst. Irgendwann bin ich darauf gekommen, dass ich auch\u00a0Wurst und Schinken machen\u00a0k\u00f6nnte. Zuerst habe ich\u00a0im Internet nach einschl\u00e4gigen Anleitungen und Rezepten gesucht. Irgendwie passten die Beitr\u00e4ge nicht genau auf meine Verh\u00e4ltnisse. Ich habe das aber nie so hinbekommen. Daher habe ich \u00fcber den Landesjagdverband Kurse zur Herstellung&hellip;","og_url":"https:\/\/www.krautz.de\/jagd\/grundlagen\/","og_site_name":"Die Jagd - Jens Krautz","article_modified_time":"2017-01-08T16:05:14+00:00","twitter_card":"summary_large_image","twitter_misc":{"Gesch\u00e4tzte Lesezeit":"4\u00a0Minuten"},"schema":{"@context":"https:\/\/schema.org","@graph":[{"@type":"WebPage","@id":"https:\/\/www.krautz.de\/jagd\/grundlagen\/","url":"https:\/\/www.krautz.de\/jagd\/grundlagen\/","name":"Grundlagen - Die Jagd - Jens Krautz","isPartOf":{"@id":"https:\/\/www.krautz.de\/jagd\/#website"},"datePublished":"2016-10-27T18:43:01+00:00","dateModified":"2017-01-08T16:05:14+00:00","breadcrumb":{"@id":"https:\/\/www.krautz.de\/jagd\/grundlagen\/#breadcrumb"},"inLanguage":"de","potentialAction":[{"@type":"ReadAction","target":["https:\/\/www.krautz.de\/jagd\/grundlagen\/"]}]},{"@type":"BreadcrumbList","@id":"https:\/\/www.krautz.de\/jagd\/grundlagen\/#breadcrumb","itemListElement":[{"@type":"ListItem","position":1,"name":"Home","item":"https:\/\/www.krautz.de\/jagd\/"},{"@type":"ListItem","position":2,"name":"Grundlagen"}]},{"@type":"WebSite","@id":"https:\/\/www.krautz.de\/jagd\/#website","url":"https:\/\/www.krautz.de\/jagd\/","name":"Die Jagd - Jens Krautz","description":"","potentialAction":[{"@type":"SearchAction","target":{"@type":"EntryPoint","urlTemplate":"https:\/\/www.krautz.de\/jagd\/?s={search_term_string}"},"query-input":{"@type":"PropertyValueSpecification","valueRequired":true,"valueName":"search_term_string"}}],"inLanguage":"de"}]}},"_links":{"self":[{"href":"https:\/\/www.krautz.de\/jagd\/wp-json\/wp\/v2\/pages\/1808","targetHints":{"allow":["GET"]}}],"collection":[{"href":"https:\/\/www.krautz.de\/jagd\/wp-json\/wp\/v2\/pages"}],"about":[{"href":"https:\/\/www.krautz.de\/jagd\/wp-json\/wp\/v2\/types\/page"}],"author":[{"embeddable":true,"href":"https:\/\/www.krautz.de\/jagd\/wp-json\/wp\/v2\/users\/3"}],"replies":[{"embeddable":true,"href":"https:\/\/www.krautz.de\/jagd\/wp-json\/wp\/v2\/comments?post=1808"}],"version-history":[{"count":8,"href":"https:\/\/www.krautz.de\/jagd\/wp-json\/wp\/v2\/pages\/1808\/revisions"}],"predecessor-version":[{"id":1847,"href":"https:\/\/www.krautz.de\/jagd\/wp-json\/wp\/v2\/pages\/1808\/revisions\/1847"}],"wp:attachment":[{"href":"https:\/\/www.krautz.de\/jagd\/wp-json\/wp\/v2\/media?parent=1808"}],"curies":[{"name":"wp","href":"https:\/\/api.w.org\/{rel}","templated":true}]}}