{"id":1717,"date":"2015-08-22T13:12:21","date_gmt":"2015-08-22T11:12:21","guid":{"rendered":"https:\/\/www.krautz.de\/jagd\/?page_id=1717"},"modified":"2017-01-08T17:01:48","modified_gmt":"2017-01-08T16:01:48","slug":"merkblatt-gesellschaftsjagd","status":"publish","type":"page","link":"https:\/\/www.krautz.de\/jagd\/merkblatt-gesellschaftsjagd\/","title":{"rendered":"Merkblatt Gesellschaftsjagd"},"content":{"rendered":"<p>Es gelten die allgemeinen Sicherheitsbestimmungen f\u00fcr das Verhalten bei Gesellschaftjagden.<\/p>\n<ol>\n<li><strong> Sicherheit geht vor Strecke. <\/strong><\/li>\n<li>Die Waffe ist erst auf dem Stand zu laden und nach Beendigung des Treibens sofort zu entladen.<\/li>\n<li>Nach Einnehmen der St\u00e4nde haben sich die Sch\u00fctzen mit den jeweiligen Nachbarn zu verst\u00e4ndigen. Erst danach darf geschossen werden.<\/li>\n<li>Jeder Sch\u00fctze ist f\u00fcr seinen Schuss verantwortlich. Nicht in das Treiben schie\u00dfen. Standorte der Nachbarn beachten. Auf einen nat\u00fcrlichen Kugelfang achten.<\/li>\n<li>Mit Joggern, Radfahrern, Reiter, usw. ist zu rechnen. Wenn sich Personen in Gefahr bringender N\u00e4he befinden, darf weder angeschlagen noch geschossen werden. Achten Sie auf die Jagdhunde.<\/li>\n<li>Bitte sorgf\u00e4ltig ansprechen und nicht \u00fcberhastet schie\u00dfen. Beachten Sie die waidm\u00e4nnischen Schussdistanzen.<\/li>\n<li>Der Stand darf vor Beendigung der Treiben weder ver\u00e4ndert noch verlassen werden. Erst nach dem Signal \u201eHahn in Ruh\u201c ist der Stand zu verlassen.<\/li>\n<li>Erlegtes Wild ist erst nach Beendigung der Jagd (Signal: &#8222;Hahn in Ruh&#8220;) fachgerecht zu versorgen und soweit m\u00f6glich, bis zum Fahrweg zu verbringen. Zur Bergung den Jagdleiter verst\u00e4ndigen.<\/li>\n<li>Beschossenes Wild nicht selbst\u00e4ndig nachsuchen. Den Anschuss f\u00fcr den Hundef\u00fchrer kennzeichnen und den Jagdleiter verst\u00e4ndigen.<\/li>\n<li>Es grenzen Nachbarreviere an die bejagten Fl\u00e4chen an. Die Vorschriften der Wildfolge sind zu beachten. Der Jagdleiter ist sofort zu verst\u00e4ndigen, wenn beschossenes Wild in ein Nachbarrevier gewechselt ist.<\/li>\n<li>W\u00e4hrend der Jagd haben die Sch\u00fctzen Hutb\u00e4nder in Signalfarben zu tragen. Zus\u00e4tzlich wird den Sch\u00fctzen empfohlen, Warnwesten zu tragen (sollte jeder im Auto haben).<\/li>\n<li>W\u00e4hrend der Jagd gilt f\u00fcr alle J\u00e4ger und Treiber absolutes Alkoholverbot.<\/li>\n<li>Verbandsk\u00e4sten f\u00fcr die erste Hilfe befinden sich in den Fahrzeugen. Jeder Sch\u00fctze hat ein Verbandsp\u00e4ckchen mitzuf\u00fchren.<\/li>\n<li>Offen sind: Schwarzwild aller Altersklassen und Geschlecht, Raubwild, jedoch kein Rehwild. Der Jagdleiter gibt individuell in Abh\u00e4ngigkeit des Ansitzes weitere Wildarten frei. Wildernde Hunde und Katzen werden nicht erlegt.<\/li>\n<\/ol>\n<p>Waidmannsheil<\/p>\n<p><strong>Telefon<\/strong><\/p>\n<p>Jagdleiter:<br \/>\nGruppenf\u00fchrer 1:<br \/>\nGruppenf\u00fchrer 2:<br \/>\nTreiberf\u00fchrer:<br \/>\nHundef\u00fchrer:<br \/>\nTierarzt:<\/p>\n<p>Notruf Notarzt\/Feuerwehr                  112<br \/>\nNotruf Polizei                                      110<\/p>\n<p>Anfahrtsbeschreibung des Standortes f\u00fcr Rettungskr\u00e4fte:<\/p>\n<p>R\u00fcckseite des Merkblattes Revierkarte, Skizze der Treiben, Markierung der Standorte<\/p>\n","protected":false},"excerpt":{"rendered":"<p>Es gelten die allgemeinen Sicherheitsbestimmungen f\u00fcr das Verhalten bei Gesellschaftjagden. Sicherheit geht vor Strecke. Die Waffe ist erst auf dem Stand zu laden und nach Beendigung des Treibens sofort zu entladen. Nach Einnehmen der St\u00e4nde haben sich die Sch\u00fctzen mit den jeweiligen Nachbarn zu verst\u00e4ndigen. Erst danach darf geschossen werden. Jeder Sch\u00fctze ist f\u00fcr seinen&hellip;<\/p>\n","protected":false},"author":3,"featured_media":0,"parent":0,"menu_order":0,"comment_status":"closed","ping_status":"closed","template":"","meta":{"footnotes":""},"class_list":["post-1717","page","type-page","status-publish","hentry","description-off"],"yoast_head":"<!-- This site is optimized with the Yoast SEO plugin v26.8 - https:\/\/yoast.com\/product\/yoast-seo-wordpress\/ -->\n<title>Merkblatt Gesellschaftsjagd - Die Jagd - Jens Krautz<\/title>\n<meta name=\"robots\" content=\"index, follow, max-snippet:-1, max-image-preview:large, max-video-preview:-1\" \/>\n<link rel=\"canonical\" href=\"https:\/\/www.krautz.de\/jagd\/merkblatt-gesellschaftsjagd\/\" \/>\n<meta property=\"og:locale\" content=\"de_DE\" \/>\n<meta property=\"og:type\" content=\"article\" \/>\n<meta property=\"og:title\" content=\"Merkblatt Gesellschaftsjagd - Die Jagd - Jens Krautz\" \/>\n<meta property=\"og:description\" content=\"Es gelten die allgemeinen Sicherheitsbestimmungen f\u00fcr das Verhalten bei Gesellschaftjagden. Sicherheit geht vor Strecke. Die Waffe ist erst auf dem Stand zu laden und nach Beendigung des Treibens sofort zu entladen. Nach Einnehmen der St\u00e4nde haben sich die Sch\u00fctzen mit den jeweiligen Nachbarn zu verst\u00e4ndigen. Erst danach darf geschossen werden. Jeder Sch\u00fctze ist f\u00fcr seinen&hellip;\" \/>\n<meta property=\"og:url\" content=\"https:\/\/www.krautz.de\/jagd\/merkblatt-gesellschaftsjagd\/\" \/>\n<meta property=\"og:site_name\" content=\"Die Jagd - Jens Krautz\" \/>\n<meta property=\"article:modified_time\" content=\"2017-01-08T16:01:48+00:00\" \/>\n<meta name=\"twitter:card\" content=\"summary_large_image\" \/>\n<meta name=\"twitter:label1\" content=\"Gesch\u00e4tzte Lesezeit\" \/>\n\t<meta name=\"twitter:data1\" content=\"2\u00a0Minuten\" \/>\n<script type=\"application\/ld+json\" class=\"yoast-schema-graph\">{\"@context\":\"https:\/\/schema.org\",\"@graph\":[{\"@type\":\"WebPage\",\"@id\":\"https:\/\/www.krautz.de\/jagd\/merkblatt-gesellschaftsjagd\/\",\"url\":\"https:\/\/www.krautz.de\/jagd\/merkblatt-gesellschaftsjagd\/\",\"name\":\"Merkblatt Gesellschaftsjagd - Die Jagd - Jens Krautz\",\"isPartOf\":{\"@id\":\"https:\/\/www.krautz.de\/jagd\/#website\"},\"datePublished\":\"2015-08-22T11:12:21+00:00\",\"dateModified\":\"2017-01-08T16:01:48+00:00\",\"breadcrumb\":{\"@id\":\"https:\/\/www.krautz.de\/jagd\/merkblatt-gesellschaftsjagd\/#breadcrumb\"},\"inLanguage\":\"de\",\"potentialAction\":[{\"@type\":\"ReadAction\",\"target\":[\"https:\/\/www.krautz.de\/jagd\/merkblatt-gesellschaftsjagd\/\"]}]},{\"@type\":\"BreadcrumbList\",\"@id\":\"https:\/\/www.krautz.de\/jagd\/merkblatt-gesellschaftsjagd\/#breadcrumb\",\"itemListElement\":[{\"@type\":\"ListItem\",\"position\":1,\"name\":\"Home\",\"item\":\"https:\/\/www.krautz.de\/jagd\/\"},{\"@type\":\"ListItem\",\"position\":2,\"name\":\"Merkblatt Gesellschaftsjagd\"}]},{\"@type\":\"WebSite\",\"@id\":\"https:\/\/www.krautz.de\/jagd\/#website\",\"url\":\"https:\/\/www.krautz.de\/jagd\/\",\"name\":\"Die Jagd - Jens Krautz\",\"description\":\"\",\"potentialAction\":[{\"@type\":\"SearchAction\",\"target\":{\"@type\":\"EntryPoint\",\"urlTemplate\":\"https:\/\/www.krautz.de\/jagd\/?s={search_term_string}\"},\"query-input\":{\"@type\":\"PropertyValueSpecification\",\"valueRequired\":true,\"valueName\":\"search_term_string\"}}],\"inLanguage\":\"de\"}]}<\/script>\n<!-- \/ Yoast SEO plugin. -->","yoast_head_json":{"title":"Merkblatt Gesellschaftsjagd - Die Jagd - Jens Krautz","robots":{"index":"index","follow":"follow","max-snippet":"max-snippet:-1","max-image-preview":"max-image-preview:large","max-video-preview":"max-video-preview:-1"},"canonical":"https:\/\/www.krautz.de\/jagd\/merkblatt-gesellschaftsjagd\/","og_locale":"de_DE","og_type":"article","og_title":"Merkblatt Gesellschaftsjagd - Die Jagd - Jens Krautz","og_description":"Es gelten die allgemeinen Sicherheitsbestimmungen f\u00fcr das Verhalten bei Gesellschaftjagden. Sicherheit geht vor Strecke. Die Waffe ist erst auf dem Stand zu laden und nach Beendigung des Treibens sofort zu entladen. Nach Einnehmen der St\u00e4nde haben sich die Sch\u00fctzen mit den jeweiligen Nachbarn zu verst\u00e4ndigen. Erst danach darf geschossen werden. Jeder Sch\u00fctze ist f\u00fcr seinen&hellip;","og_url":"https:\/\/www.krautz.de\/jagd\/merkblatt-gesellschaftsjagd\/","og_site_name":"Die Jagd - Jens Krautz","article_modified_time":"2017-01-08T16:01:48+00:00","twitter_card":"summary_large_image","twitter_misc":{"Gesch\u00e4tzte Lesezeit":"2\u00a0Minuten"},"schema":{"@context":"https:\/\/schema.org","@graph":[{"@type":"WebPage","@id":"https:\/\/www.krautz.de\/jagd\/merkblatt-gesellschaftsjagd\/","url":"https:\/\/www.krautz.de\/jagd\/merkblatt-gesellschaftsjagd\/","name":"Merkblatt Gesellschaftsjagd - Die Jagd - Jens Krautz","isPartOf":{"@id":"https:\/\/www.krautz.de\/jagd\/#website"},"datePublished":"2015-08-22T11:12:21+00:00","dateModified":"2017-01-08T16:01:48+00:00","breadcrumb":{"@id":"https:\/\/www.krautz.de\/jagd\/merkblatt-gesellschaftsjagd\/#breadcrumb"},"inLanguage":"de","potentialAction":[{"@type":"ReadAction","target":["https:\/\/www.krautz.de\/jagd\/merkblatt-gesellschaftsjagd\/"]}]},{"@type":"BreadcrumbList","@id":"https:\/\/www.krautz.de\/jagd\/merkblatt-gesellschaftsjagd\/#breadcrumb","itemListElement":[{"@type":"ListItem","position":1,"name":"Home","item":"https:\/\/www.krautz.de\/jagd\/"},{"@type":"ListItem","position":2,"name":"Merkblatt Gesellschaftsjagd"}]},{"@type":"WebSite","@id":"https:\/\/www.krautz.de\/jagd\/#website","url":"https:\/\/www.krautz.de\/jagd\/","name":"Die Jagd - Jens Krautz","description":"","potentialAction":[{"@type":"SearchAction","target":{"@type":"EntryPoint","urlTemplate":"https:\/\/www.krautz.de\/jagd\/?s={search_term_string}"},"query-input":{"@type":"PropertyValueSpecification","valueRequired":true,"valueName":"search_term_string"}}],"inLanguage":"de"}]}},"_links":{"self":[{"href":"https:\/\/www.krautz.de\/jagd\/wp-json\/wp\/v2\/pages\/1717","targetHints":{"allow":["GET"]}}],"collection":[{"href":"https:\/\/www.krautz.de\/jagd\/wp-json\/wp\/v2\/pages"}],"about":[{"href":"https:\/\/www.krautz.de\/jagd\/wp-json\/wp\/v2\/types\/page"}],"author":[{"embeddable":true,"href":"https:\/\/www.krautz.de\/jagd\/wp-json\/wp\/v2\/users\/3"}],"replies":[{"embeddable":true,"href":"https:\/\/www.krautz.de\/jagd\/wp-json\/wp\/v2\/comments?post=1717"}],"version-history":[{"count":1,"href":"https:\/\/www.krautz.de\/jagd\/wp-json\/wp\/v2\/pages\/1717\/revisions"}],"predecessor-version":[{"id":1718,"href":"https:\/\/www.krautz.de\/jagd\/wp-json\/wp\/v2\/pages\/1717\/revisions\/1718"}],"wp:attachment":[{"href":"https:\/\/www.krautz.de\/jagd\/wp-json\/wp\/v2\/media?parent=1717"}],"curies":[{"name":"wp","href":"https:\/\/api.w.org\/{rel}","templated":true}]}}