{"id":1558,"date":"2015-08-20T06:26:12","date_gmt":"2015-08-20T04:26:12","guid":{"rendered":"https:\/\/www.krautz.de\/jagd\/?page_id=1558"},"modified":"2017-01-08T17:01:43","modified_gmt":"2017-01-08T16:01:43","slug":"hubertustag","status":"publish","type":"page","link":"https:\/\/www.krautz.de\/jagd\/hubertustag\/","title":{"rendered":"Hubertustag"},"content":{"rendered":"<p>Wenn sich J\u00e4ger aller Konfessionen am 3. November zusammenfinden, um den Hubertustag zu feiern, dann ehren sie nicht nur ihren Schutzpatron, sondern einen Mann, der als Symbolfigur und Bewahrer der Natur gilt.<\/p>\n<p>Die Hubertuslegende<br \/>\nHubertus, geboren um 655 und gestorben 727,ist ein auch heute noch beliebter Heiliger. \u00dcber seine Herkunft und Jugend gibt es unterschiedliche Berichte. Sicher ist, dass er Bischof von Tongern-Maastricht war. 722 verlegte er den Bischofssitz von dort nach L\u00fcttich. Er starb am 30. Mai 727 in Tervuren\/Br\u00fcssel. Am 3. November 743 wurde er heilig gesprochen.<\/p>\n<p>An diesem 3.11. wird er gefeiert. Sein Grab befindet sich in Saint-Hubert in den Ardennen\/Belgien. Mehrfach wurden seine Gebeine umgebettet, um sie vor feindlichen Truppen in Sicherheit zu bringen. Wo sie heute sind, wei\u00df man nicht. Das angesehene Ardennenkloster wurde im 9. Jahrhundert ein Kultzentrum der Hubertusverehrung.<\/p>\n<p>Es gibt unterschiedliche Berichte \u00fcber den ersten Teil seines Lebens. Danach soll er ein Adliger gewesen sein und somit ein Vorfahre der franz\u00f6sischen K\u00f6nige. Diese waren gro\u00dfe Jagdliebhaber, und so wurde Hubertus zum Patron der J\u00e4ger. Angeblich war er verheiratet und soll aus dieser Ehe einen Sohn gehabt haben.<\/p>\n<p>Wohl am bekanntesten ist die Legende von seiner Bekehrung. Als er an einem Karfreitag bei der Jagd einen Hirsch aufgesp\u00fcrt hatte und ihn verfolgte, um ihn zu t\u00f6ten, blieb dieser ohne Regung vor ihm stehen. Schon wollte Hubertus zum Bogenschuss ansetzten, da erblickte er pl\u00f6tzlich zwischen den Geweihstangen des Hirsches ein leuchtendes Kreuz und in der Gestalt des Hirsches sprach Christus zu ihm: \u201eHubertus, warum verfolgst du mich?\u201c Hubertus stieg vom Pferd und kniete vor dem Hirsch nieder.<\/p>\n<p>Der Hirsch aus der Legende muss wohl ein Junghirsch gewesen sein oder eine Hormonst\u00f6rung gehabt haben, wenn er zum Karfreitag ein Geweih trug. Normalerweise werfen die alten Hirsche im Februar\/M\u00e4rz die Geweihe ab und schieben ab dieser Zeit das neue Geweih.<\/p>\n<p>Der wilde J\u00e4ger wurde durch diese Erscheinung zum Christentum bekehrt; er lernte fortan die Tiere des Waldes achten.<\/p>\n<p>Das Motiv der Hubertuslegende &#8211; ein vor einem Hirsch, der im Geweih ein strahlendes Kreuz tr\u00e4gt, kniender J\u00e4ger &#8211; ist seitdem oftmals von K\u00fcnstlern aufgegriffen worden. Den meisten Leuten ist der wei\u00dfe Hirsch heute freilich vom Etikett des bekannten Kr\u00e4uterlik\u00f6rs &#8222;J\u00e4germeister&#8220; her bekannt.<\/p>\n<p>In der heutigen Zeit dient der Hubertustag dazu, sich der waidgerechten Jagd zu besinnen. Der Hubertustag ist meist der Auftakt f\u00fcr die herbstlichen Treibjagden. Die Treibjagd um den Hubertustag herum, wird als Hubertusjagd bezeichnet.<\/p>\n","protected":false},"excerpt":{"rendered":"<p>Wenn sich J\u00e4ger aller Konfessionen am 3. November zusammenfinden, um den Hubertustag zu feiern, dann ehren sie nicht nur ihren Schutzpatron, sondern einen Mann, der als Symbolfigur und Bewahrer der Natur gilt. Die Hubertuslegende Hubertus, geboren um 655 und gestorben 727,ist ein auch heute noch beliebter Heiliger. \u00dcber seine Herkunft und Jugend gibt es unterschiedliche&hellip;<\/p>\n","protected":false},"author":3,"featured_media":0,"parent":0,"menu_order":0,"comment_status":"closed","ping_status":"closed","template":"","meta":{"footnotes":""},"class_list":["post-1558","page","type-page","status-publish","hentry","description-off"],"yoast_head":"<!-- This site is optimized with the Yoast SEO plugin v26.8 - https:\/\/yoast.com\/product\/yoast-seo-wordpress\/ -->\n<title>Hubertustag - Die Jagd - Jens Krautz<\/title>\n<meta name=\"robots\" content=\"index, follow, max-snippet:-1, max-image-preview:large, max-video-preview:-1\" \/>\n<link rel=\"canonical\" href=\"https:\/\/www.krautz.de\/jagd\/hubertustag\/\" \/>\n<meta property=\"og:locale\" content=\"de_DE\" \/>\n<meta property=\"og:type\" content=\"article\" \/>\n<meta property=\"og:title\" content=\"Hubertustag - Die Jagd - Jens Krautz\" \/>\n<meta property=\"og:description\" content=\"Wenn sich J\u00e4ger aller Konfessionen am 3. November zusammenfinden, um den Hubertustag zu feiern, dann ehren sie nicht nur ihren Schutzpatron, sondern einen Mann, der als Symbolfigur und Bewahrer der Natur gilt. Die Hubertuslegende Hubertus, geboren um 655 und gestorben 727,ist ein auch heute noch beliebter Heiliger. \u00dcber seine Herkunft und Jugend gibt es unterschiedliche&hellip;\" \/>\n<meta property=\"og:url\" content=\"https:\/\/www.krautz.de\/jagd\/hubertustag\/\" \/>\n<meta property=\"og:site_name\" content=\"Die Jagd - Jens Krautz\" \/>\n<meta property=\"article:modified_time\" content=\"2017-01-08T16:01:43+00:00\" \/>\n<meta name=\"twitter:card\" content=\"summary_large_image\" \/>\n<meta name=\"twitter:label1\" content=\"Gesch\u00e4tzte Lesezeit\" \/>\n\t<meta name=\"twitter:data1\" content=\"2\u00a0Minuten\" \/>\n<script type=\"application\/ld+json\" class=\"yoast-schema-graph\">{\"@context\":\"https:\/\/schema.org\",\"@graph\":[{\"@type\":\"WebPage\",\"@id\":\"https:\/\/www.krautz.de\/jagd\/hubertustag\/\",\"url\":\"https:\/\/www.krautz.de\/jagd\/hubertustag\/\",\"name\":\"Hubertustag - Die Jagd - Jens Krautz\",\"isPartOf\":{\"@id\":\"https:\/\/www.krautz.de\/jagd\/#website\"},\"datePublished\":\"2015-08-20T04:26:12+00:00\",\"dateModified\":\"2017-01-08T16:01:43+00:00\",\"breadcrumb\":{\"@id\":\"https:\/\/www.krautz.de\/jagd\/hubertustag\/#breadcrumb\"},\"inLanguage\":\"de\",\"potentialAction\":[{\"@type\":\"ReadAction\",\"target\":[\"https:\/\/www.krautz.de\/jagd\/hubertustag\/\"]}]},{\"@type\":\"BreadcrumbList\",\"@id\":\"https:\/\/www.krautz.de\/jagd\/hubertustag\/#breadcrumb\",\"itemListElement\":[{\"@type\":\"ListItem\",\"position\":1,\"name\":\"Home\",\"item\":\"https:\/\/www.krautz.de\/jagd\/\"},{\"@type\":\"ListItem\",\"position\":2,\"name\":\"Hubertustag\"}]},{\"@type\":\"WebSite\",\"@id\":\"https:\/\/www.krautz.de\/jagd\/#website\",\"url\":\"https:\/\/www.krautz.de\/jagd\/\",\"name\":\"Die Jagd - Jens Krautz\",\"description\":\"\",\"potentialAction\":[{\"@type\":\"SearchAction\",\"target\":{\"@type\":\"EntryPoint\",\"urlTemplate\":\"https:\/\/www.krautz.de\/jagd\/?s={search_term_string}\"},\"query-input\":{\"@type\":\"PropertyValueSpecification\",\"valueRequired\":true,\"valueName\":\"search_term_string\"}}],\"inLanguage\":\"de\"}]}<\/script>\n<!-- \/ Yoast SEO plugin. -->","yoast_head_json":{"title":"Hubertustag - Die Jagd - Jens Krautz","robots":{"index":"index","follow":"follow","max-snippet":"max-snippet:-1","max-image-preview":"max-image-preview:large","max-video-preview":"max-video-preview:-1"},"canonical":"https:\/\/www.krautz.de\/jagd\/hubertustag\/","og_locale":"de_DE","og_type":"article","og_title":"Hubertustag - Die Jagd - Jens Krautz","og_description":"Wenn sich J\u00e4ger aller Konfessionen am 3. November zusammenfinden, um den Hubertustag zu feiern, dann ehren sie nicht nur ihren Schutzpatron, sondern einen Mann, der als Symbolfigur und Bewahrer der Natur gilt. Die Hubertuslegende Hubertus, geboren um 655 und gestorben 727,ist ein auch heute noch beliebter Heiliger. \u00dcber seine Herkunft und Jugend gibt es unterschiedliche&hellip;","og_url":"https:\/\/www.krautz.de\/jagd\/hubertustag\/","og_site_name":"Die Jagd - Jens Krautz","article_modified_time":"2017-01-08T16:01:43+00:00","twitter_card":"summary_large_image","twitter_misc":{"Gesch\u00e4tzte Lesezeit":"2\u00a0Minuten"},"schema":{"@context":"https:\/\/schema.org","@graph":[{"@type":"WebPage","@id":"https:\/\/www.krautz.de\/jagd\/hubertustag\/","url":"https:\/\/www.krautz.de\/jagd\/hubertustag\/","name":"Hubertustag - Die Jagd - Jens Krautz","isPartOf":{"@id":"https:\/\/www.krautz.de\/jagd\/#website"},"datePublished":"2015-08-20T04:26:12+00:00","dateModified":"2017-01-08T16:01:43+00:00","breadcrumb":{"@id":"https:\/\/www.krautz.de\/jagd\/hubertustag\/#breadcrumb"},"inLanguage":"de","potentialAction":[{"@type":"ReadAction","target":["https:\/\/www.krautz.de\/jagd\/hubertustag\/"]}]},{"@type":"BreadcrumbList","@id":"https:\/\/www.krautz.de\/jagd\/hubertustag\/#breadcrumb","itemListElement":[{"@type":"ListItem","position":1,"name":"Home","item":"https:\/\/www.krautz.de\/jagd\/"},{"@type":"ListItem","position":2,"name":"Hubertustag"}]},{"@type":"WebSite","@id":"https:\/\/www.krautz.de\/jagd\/#website","url":"https:\/\/www.krautz.de\/jagd\/","name":"Die Jagd - Jens Krautz","description":"","potentialAction":[{"@type":"SearchAction","target":{"@type":"EntryPoint","urlTemplate":"https:\/\/www.krautz.de\/jagd\/?s={search_term_string}"},"query-input":{"@type":"PropertyValueSpecification","valueRequired":true,"valueName":"search_term_string"}}],"inLanguage":"de"}]}},"_links":{"self":[{"href":"https:\/\/www.krautz.de\/jagd\/wp-json\/wp\/v2\/pages\/1558","targetHints":{"allow":["GET"]}}],"collection":[{"href":"https:\/\/www.krautz.de\/jagd\/wp-json\/wp\/v2\/pages"}],"about":[{"href":"https:\/\/www.krautz.de\/jagd\/wp-json\/wp\/v2\/types\/page"}],"author":[{"embeddable":true,"href":"https:\/\/www.krautz.de\/jagd\/wp-json\/wp\/v2\/users\/3"}],"replies":[{"embeddable":true,"href":"https:\/\/www.krautz.de\/jagd\/wp-json\/wp\/v2\/comments?post=1558"}],"version-history":[{"count":1,"href":"https:\/\/www.krautz.de\/jagd\/wp-json\/wp\/v2\/pages\/1558\/revisions"}],"predecessor-version":[{"id":1559,"href":"https:\/\/www.krautz.de\/jagd\/wp-json\/wp\/v2\/pages\/1558\/revisions\/1559"}],"wp:attachment":[{"href":"https:\/\/www.krautz.de\/jagd\/wp-json\/wp\/v2\/media?parent=1558"}],"curies":[{"name":"wp","href":"https:\/\/api.w.org\/{rel}","templated":true}]}}